{"id":379,"date":"2018-10-04T11:10:06","date_gmt":"2018-10-04T11:10:06","guid":{"rendered":"https:\/\/budapestkungfu.hu\/jellemz%c5%91k"},"modified":"2018-10-04T11:12:54","modified_gmt":"2018-10-04T11:12:54","slug":"jellemz%c5%91k","status":"publish","type":"page","link":"https:\/\/budapestkungfu.hu\/?page_id=379","title":{"rendered":"Jellemz\u0151k"},"content":{"rendered":"<h2>Mi a Wing Tsun?<\/h2>\n<p>A Wing Tsun kung-fu egy olyan tudom\u00e1nyos alapokon nyugv\u00f3 tradicion\u00e1lis k\u00ednai harcm\u0171v\u00e9szeti rendszer, amely forradalmian \u00faj k\u00f6zelharci technik\u00e1i r\u00e9v\u00e9n es\u00e9lyt ad a gyeng\u00e9bbnek is egy szabad k\u00fczdelem sor\u00e1n.<\/p>\n<p>A Wing Tsun a t\u00f6bb mint 365 k\u00fcl\u00f6nf\u00e9le st\u00edlus k\u00f6z\u00fcl az egyetlen, melyet n\u0151 alap\u00edtott, \u00e1tmenetet k\u00e9pezve a kem\u00e9ny \u00e9s l\u00e1gy st\u00edlusok k\u00f6z\u00f6tt.<\/p>\n<h5>F\u0151bb jellemz\u0151i:<\/h5>\n<p>T\u00falnyom\u00f3r\u00e9szt egyenes vonal\u00fa mozg\u00e1sok, k\u00f6vetve a mott\u00f3t: &#8220;k\u00e9t pont k\u00f6z\u00f6tt a legr\u00f6videbb \u00fat az egyenes&#8221;<br \/>\nViszonylag kev\u00e9s, csakis harcban alkalmazhat\u00f3 technika,<br \/>\nAlacsony, vesz\u00e9lyes r\u00fag\u00e1sok,<br \/>\nEgyidej\u0171 rugalmas, enged\u00e9keny v\u00e9dekez\u00e9sek, \u00e9s<br \/>\nEr\u0151s, rendk\u00edv\u00fcl dinamikus t\u00e1mad\u00e1sok,<br \/>\nK\u00f6zelharci technik\u00e1i b\u00e1rmilyen helyzetben alkalmazhat\u00f3ak,<br \/>\nA gyenge pontokat t\u00e1madja, hat\u00e9kony \u00f6nv\u00e9delmet biztos\u00edt,<br \/>\nNem ig\u00e9nyel k\u00fcl\u00f6nleges er\u0151t \u00e9s hajl\u00e9konys\u00e1got,<br \/>\nMindenki sz\u00e1m\u00e1ra gyorsan \u00e9s k\u00f6nnyen elsaj\u00e1t\u00edthat\u00f3<br \/>\nA technika \u00e9s a logika \u00e1ltal gy\u0151z.<br \/>\nA Wing Tsun Chi Sau k\u00e9tszer olyan gyors, mint a vizu\u00e1lis reakci\u00f3.<\/p>\n<h5>A gondolkod\u00e1s:<\/h5>\n<p>Az ember leghat\u00e9konyabb fegyvere az agy. A Wing Tsun nem puszt\u00e1n technik\u00e1k sorozata, hanem a gondolatok fizikai (k\u00e9zzel \u00e9s l\u00e1bbal val\u00f3) megnyilv\u00e1nul\u00e1sa.<br \/>\nA t\u00e1mad\u00f3 mindig er\u0151sebb! A Wing Tsun minden egyes mozdulata erre a gondolatra \u00e9p\u00fcl, s az al\u00e1bbi pontokban is v\u00e9gig ez a gondolat \u00e9rv\u00e9nyes\u00fcl.<\/p>\n<h5>Az emberi anat\u00f3mia:<\/h5>\n<p>A Wing Tsun harcos mindig az ellenf\u00e9l gyenge pontjait t\u00e1madja (szem, torok, \u00e1gy\u00e9k), hiszen ezek azok a testr\u00e9szek, melyeket nem lehet megedzeni.<br \/>\nMinden ember k\u00fcl\u00f6nb\u00f6z\u0151 adotts\u00e1gokkal rendelkezik (f\u00e9rfi-n\u0151, gyenge-er\u0151s, merev-hajl\u00e9kony), de a leg\u00fcgyesebb ember is el\u0151bb-ut\u00f3bb meg\u00f6regszik. A Wing Tsun-hoz nem kell k\u00fcl\u00f6nleges testi adotts\u00e1g, b\u00e1rki b\u00e1rmilyen korban elsaj\u00e1t\u00edthatja.<br \/>\nAz ap\u00e1ca elvetette az \u00e1llatok ut\u00e1nz\u00e1s\u00e1n alapul\u00f3 mozdulatokat, mondv\u00e1n, az embernek ember m\u00f3dj\u00e1ra kell k\u00fczdenie. (Hisz az embereknek nincsen mancsuk, mint a tigriseknek; m\u00e9regfoguk, mint a k\u00edgy\u00f3knak, stb.)<\/p>\n<h5>A matematika \u00e9s fizika t\u00f6rv\u00e9nyei:<\/h5>\n<p>A Wing Tsun a v\u00e9dekez\u00e9shez az ellenf\u00e9l erej\u00e9t, lend\u00fclet\u00e9t veszi k\u00f6lcs\u00f6n, s ford\u00edtja vissza a t\u00e1mad\u00f3ra.<br \/>\nMinden technika a lehet\u0151 legegyszer\u0171bb m\u00f3don t\u00f6rt\u00e9nik. K\u00e9t pont k\u00f6z\u00f6tt a legr\u00f6videbb \u00fat az egyenes, \u00e9s ami a legegyszer\u0171bb \u00e9s legr\u00f6videbb, az a leggyorsabb!<\/p>\n<h5>P\u00e1ratlan tan\u00edt\u00e1si program:<\/h5>\n<p>A Wing Tsun tan\u00edt\u00e1sa nemzetk\u00f6zileg egys\u00e9ges tanterv alapj\u00e1n t\u00f6rt\u00e9nik.<br \/>\nEz a tan\u00edt\u00e1si rendszer olyan, mint a nyelvtanul\u00e1s.<br \/>\nAz els\u0151 formagyakorlat az ABC: itt tanulj\u00e1k meg az alapokat.<\/p>\n<p>A m\u00e1sodik forma a SZAVAK-hoz hasonlatos: az alapokat technikai kombin\u00e1ci\u00f3kk\u00e1 tudja alak\u00edtani a tanul\u00f3.<\/p>\n<p>A Chi-Sau (tapad\u00f3s k\u00e9z) tr\u00e9ning pedig a NYELVTAN-hoz hasonl\u00f3: a technikai kombin\u00e1ci\u00f3k itt m\u00e1r folyamatos mozg\u00e1ss\u00e1 alakulnak.<\/p>\n<p>A szabad k\u00fczdelem pedig a FOLY\u00c9KONY BESZ\u00c9D-del egyen\u00e9rt\u00e9k\u0171: a tanult technik\u00e1kat b\u00e1rmilyen k\u00f6r\u00fclm\u00e9nyek k\u00f6z\u00f6tt k\u00e9pes alkalmazni a tanul\u00f3.<\/p>\n<h5>Chi Sau tr\u00e9ning:<\/h5>\n<p>A Wing Tsun legend\u00e1s gyakorlatsorozata, mely magyarul &#8220;tapad\u00f3s kezeket&#8221; jelent. Tudom\u00e1nyosan bebizony\u00edtott t\u00e9ny, hogy b\u0151r\u00fcnk \u00e9rz\u00e9kel\u00e9se sokkal gyorsabb, mintha el\u0151bb a szem\u00fcnkkel \u00e9rz\u00e9keln\u00e9nk, \u00e9s csak azut\u00e1n jutna el az inger az agyunkba. A Wing Tsun a k\u00f6zelharcra \u00e9p\u00fcl, s a kis t\u00e1vols\u00e1g miatt nincs mindig id\u0151 a szemmel val\u00f3 \u00e9rz\u00e9kel\u00e9sre. K\u00fcl\u00f6n\u00f6sen nagy szerepet kap ez s\u00f6t\u00e9tben, sz\u0171k helyen val\u00f3 harcn\u00e1l, illetve ha szem\u00fcnk v\u00e9letlen\u00fcl megs\u00e9r\u00fclt a harc sor\u00e1n.<\/p>\n","protected":false},"excerpt":{"rendered":"<p>Mi a Wing Tsun? A Wing Tsun kung-fu egy olyan tudom\u00e1nyos alapokon nyugv\u00f3 tradicion\u00e1lis k\u00ednai harcm\u0171v\u00e9szeti rendszer, amely forradalmian \u00faj k\u00f6zelharci technik\u00e1i r\u00e9v\u00e9n es\u00e9lyt ad a gyeng\u00e9bbnek is egy szabad k\u00fczdelem sor\u00e1n. A Wing Tsun a t\u00f6bb mint 365 k\u00fcl\u00f6nf\u00e9le st\u00edlus k\u00f6z\u00fcl az egyetlen, melyet n\u0151 alap\u00edtott, \u00e1tmenetet k\u00e9pezve a kem\u00e9ny \u00e9s l\u00e1gy st\u00edlusok k\u00f6z\u00f6tt. [&hellip;]<\/p>\n","protected":false},"author":1,"featured_media":0,"parent":0,"menu_order":0,"comment_status":"closed","ping_status":"closed","template":"page-templates\/page_fullwidth.php","meta":{"footnotes":""},"_links":{"self":[{"href":"https:\/\/budapestkungfu.hu\/index.php?rest_route=\/wp\/v2\/pages\/379"}],"collection":[{"href":"https:\/\/budapestkungfu.hu\/index.php?rest_route=\/wp\/v2\/pages"}],"about":[{"href":"https:\/\/budapestkungfu.hu\/index.php?rest_route=\/wp\/v2\/types\/page"}],"author":[{"embeddable":true,"href":"https:\/\/budapestkungfu.hu\/index.php?rest_route=\/wp\/v2\/users\/1"}],"replies":[{"embeddable":true,"href":"https:\/\/budapestkungfu.hu\/index.php?rest_route=%2Fwp%2Fv2%2Fcomments&post=379"}],"version-history":[{"count":1,"href":"https:\/\/budapestkungfu.hu\/index.php?rest_route=\/wp\/v2\/pages\/379\/revisions"}],"predecessor-version":[{"id":380,"href":"https:\/\/budapestkungfu.hu\/index.php?rest_route=\/wp\/v2\/pages\/379\/revisions\/380"}],"wp:attachment":[{"href":"https:\/\/budapestkungfu.hu\/index.php?rest_route=%2Fwp%2Fv2%2Fmedia&parent=379"}],"curies":[{"name":"wp","href":"https:\/\/api.w.org\/{rel}","templated":true}]}}