{"id":374,"date":"2018-10-04T11:06:30","date_gmt":"2018-10-04T11:06:30","guid":{"rendered":"https:\/\/budapestkungfu.hu\/elnevezesek"},"modified":"2020-09-24T20:03:33","modified_gmt":"2020-09-24T20:03:33","slug":"elnevezesek","status":"publish","type":"page","link":"https:\/\/budapestkungfu.hu\/?page_id=374","title":{"rendered":"Elnevez\u00e9sek"},"content":{"rendered":"<h2>Elnevez\u00e9sek<\/h2>\n<p>A k\u00f6vetkez\u0151ben le\u00edrt elnevez\u00e9sek f\u0151leg a Magyar Wing Tsun Egyes\u00fclet di\u00e1kjai sz\u00e1m\u00e1ra ker\u00fclnek ide!<\/p>\n<h5>I. Csal\u00e1dfa<\/h5>\n<p>Ng Mui: alap\u00edt\u00f3 ap\u00e1ca (az 5. n\u0151v\u00e9r)<br \/>\nYim Wing Tsun: tan\u00edtv\u00e1ny (a st\u00edlus n\u00e9vad\u00f3ja)<br \/>\nLeung Bok Chau: Yim f\u00e9rje (s\u00f3keresked\u0151)<br \/>\nLeung Lan Kwai: n\u00f6v\u00e9nytermeszt\u0151 orvos<br \/>\nWong Wah Bo: sz\u00edn\u00e9sz (a V\u00f6r\u00f6s B\u00e1rk\u00e1n)<br \/>\nLeung Yee Tai: matr\u00f3z &#8211; hossz\u00fabot haszn\u00e1lata<br \/>\nLeung Jan(Leung Chan): orvos, &#8220;a kung fu kir\u00e1lya&#8221;<br \/>\nLeung Bik&#8212;&#8211;| Leung Jan fiai<br \/>\nLeung Tsun&#8212;|<br \/>\nChan Wan Shun: p\u00e9nzv\u00e1lt\u00f3 (nagy fizikum\u00fa)<br \/>\nSi-Jo YipMan<br \/>\nSi-Jo Leung Ting<br \/>\nSi-Fu M\u00e1day Norbert<br \/>\nA tanul\u00f3 Si-Hing-je vagy Si-Mei-je<\/p>\n<h5>II. 5 \u00f6reg mester<\/h5>\n<p>Ng Mui<br \/>\nChi Shin<br \/>\nPak Mei<br \/>\nFung Dotak<br \/>\nMiau Hin<\/p>\n<h5>III. Elnevez\u00e9sek<\/h5>\n<p>Wing Tsun = gy\u00f6ny\u00f6r\u0171 tavasz<br \/>\nKung Fu = kem\u00e9ny munka<br \/>\nShaolin = kev\u00e9s erd\u0151<br \/>\nKuen = \u00f6k\u00f6l<br \/>\nKwok Sat = harcm\u0171v\u00e9szetek \u00f6sszefoglal\u00f3 neve<br \/>\nChi = bels\u0151 energia<br \/>\nChi-Kung = bels\u0151 energi\u00e1ra \u00e9p\u00fcl\u0151 &#8220;munka&#8221;, l\u00e9gz\u00e9sgyakorlat<\/p>\n<h5>IV. Vez\u00e9nyszavak<\/h5>\n<p>Hoi-Ma = alap\u00e1ll\u00e1s felv\u00e9tele<br \/>\nYue-Pei = vigy\u00e1zz \u00e1ll\u00e1s<br \/>\nSau-Chung = harci k\u00e9ztart\u00e1s<br \/>\nSau-Sik = kezeket leengedni a test mell\u00e9 (forma v\u00e9g\u00e9n)<\/p>\n<h5>V. Az \u00f6t legfontosabb er\u0151<\/h5>\n<p>Yuen-dai-lik: k\u00f6ny\u00f6ker\u0151<br \/>\nYan-Cheung-lik: puha teny\u00e9rer\u0151<br \/>\nCheung-kiu-lik: hossz\u00fa h\u00edder\u0151<br \/>\nSiu-kiu-lik: r\u00f6vid h\u00edder\u0151<br \/>\nKwai-dai-lik: t\u00e9rd\u00f6sszetart\u00f3 er\u0151<\/p>\n<h5>VI. Wing Tsun Kung Fu Terminol\u00f3gia<\/h5>\n<h5>B<\/h5>\n<p>Bart -Cham- Dao = K\u00e9sek nyolc v\u00e1g\u00e1sa<br \/>\nBiu-Tze-Sau = Rep\u00fcl\u0151 ujjak keze<br \/>\nBong-Gerk = Sz\u00e1rny l\u00e1b<br \/>\nBong-Sau = Sz\u00e1rny k\u00e9z<br \/>\nBoon-Huen-Sau = F\u00e9lk\u00f6rz\u0151 k\u00e9z<\/p>\n<h5>C<\/h5>\n<p>Chum Kiu = H\u00edd keres\u00e9s (2. forma)<br \/>\nChang-Sau = \u00c1s\u00f3 k\u00e9z<br \/>\nCheung-Kiu = Hossz\u00fa h\u00edd<br \/>\nChi-Dan-Sau = Egy kezes tapad\u00e1s<br \/>\nChi-Gerk = Tapad\u00f3 l\u00e1bak<br \/>\nChi-Kwan = Tapad\u00f3 botok<br \/>\nChin-Gum-Sau = El\u00f6l lehull\u00f3 k\u00e9z<br \/>\nChi-Sau = Tapad\u00f3 kezek<br \/>\nChuen-Sau-Kiu = D\u00f6f\u0151 k\u00e9z fel\u00fclre<br \/>\nChung-Sum-Sin = K\u00f6z\u00e9pvonal<\/p>\n<h5>D<\/h5>\n<p>Dai-Bong-Sau = Als\u00f3 bong sau<br \/>\nDai-Wong-Cheng = Als\u00f3 fekv\u0151 teny\u00e9r<br \/>\nDing-Jarn = Lefog\u00f3 k\u00f6ny\u00f6k<\/p>\n<h5>F<\/h5>\n<p>Fak- Sau = V\u00e1g\u00f3 k\u00e9z<br \/>\nFarn-Cheung = Megford\u00edtott teny\u00e9r<br \/>\nFook-Sau = Megragad\u00f3 k\u00e9z \/ fog\u00f3 k\u00e9z<br \/>\nFai-Gerk = Ostoroz\u00f3 l\u00e1b<br \/>\nFong-Lam-choi = F\u0151nix szem\u00fct\u00e9s<\/p>\n<h5>G<\/h5>\n<p>Gaun-Sau = Has\u00edt\u00f3 k\u00e9z<br \/>\nGerk = L\u00e1b<br \/>\nGnoi-Moon = K\u00fcls\u0151 kapu<br \/>\nGum-Sau = Lehull\u00f3 k\u00e9z<\/p>\n<h5>H<\/h5>\n<p>Hau-Gum-Sau = H\u00e1ts\u00f3 lehull\u00f3 k\u00e9z<br \/>\nHau-Jarn = H\u00e1ts\u00f3 k\u00f6ny\u00f6k<br \/>\nHoi-Ma = Alap\u00e1ll\u00e1s felv\u00e9tele<br \/>\nHuen-Bo = K\u00f6rl\u00e9p\u00e9s<br \/>\nHuen-Dao = K\u00f6rz\u0151 k\u00e9sek<br \/>\nHuen-Got-Sau = K\u00f6rz\u0151-v\u00e1g\u00f3 k\u00e9z<br \/>\nHuen-Sau = K\u00f6rz\u0151 k\u00e9z<\/p>\n<h5>J<\/h5>\n<p>Jik-Cheung = Egyenes teny\u00e9r<br \/>\nJik-Chan-Gerk = Egyenes rug\u00e1s<br \/>\nJum-Sau = Lerak\u00f3 kezek<br \/>\nJu-Sun-Kuen = Cser\u00e9l\u0151 \u00f6k\u00f6l (\u00f6k\u00f6l\u00fct\u00e9s fordul\u00e1ssal)<br \/>\nJu-Sun-Ma = Fordul\u00f3 \u00e1ll\u00e1s<br \/>\nJu-Sun-Gum-Sau = Oldalra elford\u00edtott lehull\u00f3 k\u00e9z<br \/>\nJuen-Sun-Gerk = Ferded\u00f6f\u0151 rug\u00e1s<br \/>\nJut-Sau = Letakar\u00f3 k\u00e9z<\/p>\n<h5>K<\/h5>\n<p>Kau-Bo = Megker\u00fcl\u0151 l\u00e9p\u00e9s<br \/>\nKau Sau = Megker\u00fcl\u0151 k\u00e9z<br \/>\nKiu-dai-Kuen = H\u00edd alatti \u00f6k\u00f6l<br \/>\nKop-Jarn = K\u00f6ny\u00f6k a fejen t\u00fal<br \/>\nKuen = \u00d6k\u00f6l<br \/>\nKuo-Sau = K\u00f6vet\u0151 k\u00e9z \/szekci\u00f3k sorrendben gyakorl\u00e1sa<br \/>\nKwai-gerk = T\u00e9rdr\u0171g\u00e1s<br \/>\nKwai-jarn = T\u00e9rdel\u0151 k\u00f6ny\u00f6k<br \/>\nKwan-sau = Forg\u00f3 karok<\/p>\n<h5>L<\/h5>\n<p>Lan-Sau = Reteszel\u0151 k\u00e9z<br \/>\nLap-Sau = Megragad\u00f3 k\u00e9z<br \/>\nLat-Sau = Szabad k\u00e9z<br \/>\nLat-Bo = Szabad l\u00e9p\u00e9s<br \/>\nLau-Sau = Mer\u00edt\u0151 k\u00e9z<br \/>\nLin-Wan-Kuen = L\u00e1nc\u00fct\u00e9s<br \/>\nLook-Dim-Boon-Kwun = Hat \u00e9s f\u00e9l pontos bot<\/p>\n<h5>M<\/h5>\n<p>Man-Sau = Keres\u0151 k\u00e9z<br \/>\nMui-Fa-Chong = Szilvavir\u00e1g alak\u00fa fab\u00e1b\u00fa<br \/>\nMuk-Yan-Chong = Fab\u00e1b\u00fa (b\u00e1b\u00fanak haszn\u00e1lt c\u00f6l\u00f6p)<br \/>\nMuk-Yan-Chong-Fa = Fab\u00e1b\u00fa forma<\/p>\n<h5>N<\/h5>\n<p>Nau-Sau = Teker\u0151\/csavar\u00f3 kezek<br \/>\nNuk-Sau = Kileng\u0151 kezek \/szekci\u00f3k technik\u00e1inak gyakorl\u00e1sa tetsz\u0151leges sorrendben<br \/>\nNg-Lui-Kuen = \u00d6t mennyd\u00f6rg\u0151 \u00f6k\u00f6l<\/p>\n<h5>O<\/h5>\n<p>Oi-Moon-Huen-Sau = Kifel\u00e9 k\u00f6rz\u0151 k\u00e9z<\/p>\n<h5>P<\/h5>\n<p>Pak-Sau = Tol\u00f3 k\u00e9z<br \/>\nPai-Jarn = V\u00e1g\u00f3 k\u00f6ny\u00f6k<br \/>\nPow-Pai-Cheung = T\u00f6rzset tart\u00f3 teny\u00e9r<br \/>\nPoon-sau = \u00c1t\u00f6nt\u0151 kezek<br \/>\nPow-Chui-Kuen = Felfele emelked\u0151 \u00f6k\u00f6l<\/p>\n<h5>S<\/h5>\n<p>Saam-Kok-Bo = H\u00e1romsz\u00f6g alak\u00fa l\u00e9p\u00e9s<br \/>\nSaam-Pai-Fut = H\u00e1romszoros \u00fcdv\u00f6zl\u00e9s\/im\u00e1dkoz\u00e1s Buddh\u00e1hoz<br \/>\nSaam-Sing-Chong = H\u00e1rom csillag fab\u00e1b\u00fa<br \/>\nSat-Geng-Sau = Torkot metsz\u0151 k\u00e9z<br \/>\nSau-Chung = Harci k\u00e9ztart\u00e1s<br \/>\nSau-Sik = Kezek vigy\u00e1zz \u00e1ll\u00e1sba (leenged\u00e9se)<br \/>\nSei-Ping-Ma = L\u00f3\u00e1ll\u00e1s<br \/>\nSiu-Nim-Tau = Kis \u00f6tlet\/Kis gondolat\/Kis betekint\u00e9s -1. forma<\/p>\n<h5>T<\/h5>\n<p>Tan-Sau = K\u00e9reget\u0151 k\u00e9z<br \/>\nTie-Sau = Felemelked\u0151 k\u00e9z<br \/>\nTien-Kiu-Kuen = Ugr\u00f3 \u00fct\u00e9s<br \/>\nTut -Sau = Szabad\u00edt\u00f3 k\u00e9z<\/p>\n<h5>W<\/h5>\n<p>Wong-Cheung = Fekv\u0151 teny\u00e9r<br \/>\nWong-Cheng-Gerk = Oldal rug\u00e1s<br \/>\nWoon-Sau = Cser\u00e9l\u0151 kezek<br \/>\nWu Sau = V\u00e9d\u0151 k\u00e9z<\/p>\n<h5>Y<\/h5>\n<p>Yan-Cheung (Jik-Cheung) = Egyenes teny\u00e9r \u00fct\u00e9s<br \/>\nYat-Chi-Chung-Kuen = Nap alak\u00fa \u00f6k\u00f6l \u00fct\u00e9s<br \/>\nYee-Chi-Kim-Yeung-Ma = Kettes alak\u00fa befele ford\u00edtott \u00e1ll\u00e1s<br \/>\nYue-Pei = Vigy\u00e1zz\u00e1ll\u00e1s<\/p>\n<h5>VII. K\u00ednai sz\u00e1mok<\/h5>\n<p>1 Yat<br \/>\n2 Yee<br \/>\n3 Saam<br \/>\n4 Sei<br \/>\n5 Ng<br \/>\n6 Look<br \/>\n7 Chat<br \/>\n8 Bart<br \/>\n9 Gou<br \/>\n10 Sap<br \/>\n11 Sap-Yat<br \/>\n12 Sap-yee<br \/>\n20 Yee-sap<br \/>\n30 Saam-sap<br \/>\n100 Yat-baak<\/p>\n<h5>VIII. Csal\u00e1drendszer a Wing Tsun-ban<\/h5>\n<p>To-Swain legfiatalabb, csal\u00e1don k\u00edv\u00fcli (to-dai tan\u00edtv\u00e1nya)<br \/>\nTo-Dai tanul\u00f3, fiatalabb testv\u00e9r<br \/>\nSi-Dai tanul\u00f3, fiatal testv\u00e9r<br \/>\nSi-Mei legid\u0151sebb le\u00e1ny testv\u00e9r<br \/>\nSi-Hing legid\u0151sebb fi\u00fa testv\u00e9r<br \/>\nSi-Fu Apa, tan\u00e1r<br \/>\nSi-Mo Si-fu feles\u00e9ge<br \/>\nSi-Kung Nagyapa<br \/>\nSi-Jo D\u00e9dapa<\/p>\n<h5>A n\u00e9v<\/h5>\n<p>A Wing Tsun Kuen elnevez\u00e9s &#8220;Gy\u00f6ny\u00f6r\u0171 Tavasz \u00d6kl\u00e9&#8221;-t jelent.<\/p>\n<p>Wing Tsun-nak h\u00edvt\u00e1k azt a k\u00ednai h\u00f6lgyet, akir\u0151l a rendszer a nev\u00e9t kapta.<\/p>\n","protected":false},"excerpt":{"rendered":"<p>Elnevez\u00e9sek A k\u00f6vetkez\u0151ben le\u00edrt elnevez\u00e9sek f\u0151leg a Magyar Wing Tsun Egyes\u00fclet di\u00e1kjai sz\u00e1m\u00e1ra ker\u00fclnek ide! I. Csal\u00e1dfa Ng Mui: alap\u00edt\u00f3 ap\u00e1ca (az 5. n\u0151v\u00e9r) Yim Wing Tsun: tan\u00edtv\u00e1ny (a st\u00edlus n\u00e9vad\u00f3ja) Leung Bok Chau: Yim f\u00e9rje (s\u00f3keresked\u0151) Leung Lan Kwai: n\u00f6v\u00e9nytermeszt\u0151 orvos Wong Wah Bo: sz\u00edn\u00e9sz (a V\u00f6r\u00f6s B\u00e1rk\u00e1n) Leung Yee Tai: matr\u00f3z &#8211; hossz\u00fabot [&hellip;]<\/p>\n","protected":false},"author":1,"featured_media":0,"parent":0,"menu_order":0,"comment_status":"closed","ping_status":"closed","template":"page-templates\/page_fullwidth.php","meta":{"footnotes":""},"_links":{"self":[{"href":"https:\/\/budapestkungfu.hu\/index.php?rest_route=\/wp\/v2\/pages\/374"}],"collection":[{"href":"https:\/\/budapestkungfu.hu\/index.php?rest_route=\/wp\/v2\/pages"}],"about":[{"href":"https:\/\/budapestkungfu.hu\/index.php?rest_route=\/wp\/v2\/types\/page"}],"author":[{"embeddable":true,"href":"https:\/\/budapestkungfu.hu\/index.php?rest_route=\/wp\/v2\/users\/1"}],"replies":[{"embeddable":true,"href":"https:\/\/budapestkungfu.hu\/index.php?rest_route=%2Fwp%2Fv2%2Fcomments&post=374"}],"version-history":[{"count":2,"href":"https:\/\/budapestkungfu.hu\/index.php?rest_route=\/wp\/v2\/pages\/374\/revisions"}],"predecessor-version":[{"id":396,"href":"https:\/\/budapestkungfu.hu\/index.php?rest_route=\/wp\/v2\/pages\/374\/revisions\/396"}],"wp:attachment":[{"href":"https:\/\/budapestkungfu.hu\/index.php?rest_route=%2Fwp%2Fv2%2Fmedia&parent=374"}],"curies":[{"name":"wp","href":"https:\/\/api.w.org\/{rel}","templated":true}]}}