{"id":351,"date":"2018-09-04T09:46:17","date_gmt":"2018-09-04T09:46:17","guid":{"rendered":"https:\/\/budapestkungfu.hu\/tagsag"},"modified":"2018-09-04T09:46:37","modified_gmt":"2018-09-04T09:46:37","slug":"tagsag","status":"publish","type":"page","link":"https:\/\/budapestkungfu.hu\/?page_id=351","title":{"rendered":"Tags\u00e1g"},"content":{"rendered":"<h1>Tags\u00e1g<\/h1>\n<p>A Magyar WingTsun kung-fu Egyes\u00fclet tagjai -az \u00e9rv\u00e9nyes egyes\u00fcleti tagk\u00f6nyv birtok\u00e1ban- jogosultak r\u00e9sztvenni az egyes\u00fclet \u00e1ltal szervezett szemin\u00e1riumokon, nagymesteri szemin\u00e1riumokon, ny\u00e1ri t\u00e1borokon \u00e9s egy\u00e9b rendezv\u00e9nyeken. A tags\u00e1gi k\u00f6nyv bizonyos, a nagyk\u00f6z\u00f6ns\u00e9g sz\u00e1m\u00e1ra is nyitott rendezv\u00e9nyeken ingyenes, illetve kedvezm\u00e9nyes bel\u00e9p\u00e9sre jogos\u00edthat. B\u00e1rmely fokozatra vizsg\u00e1zni csak \u00e9rv\u00e9nyes tags\u00e1gi k\u00f6nyvvel lehet. Az egyes\u00fclet tagjainak lehet\u0151s\u00e9g\u00fck van a WingTsun kung-fuval kapcsolatos kiadv\u00e1nyok, felszerel\u00e9sek beszerz\u00e9s\u00e9re is.<\/p>\n<p><img loading=\"lazy\" decoding=\"async\" class=\"size-full wp-image-347 aligncenter\" src=\"http:\/\/budapestkungfu.hu\/wp-content\/uploads\/2018\/09\/tagsag.png\" alt=\"\" width=\"390\" height=\"280\" srcset=\"https:\/\/budapestkungfu.hu\/wp-content\/uploads\/2018\/09\/tagsag.png 390w, https:\/\/budapestkungfu.hu\/wp-content\/uploads\/2018\/09\/tagsag-300x215.png 300w, https:\/\/budapestkungfu.hu\/wp-content\/uploads\/2018\/09\/tagsag-100x72.png 100w, https:\/\/budapestkungfu.hu\/wp-content\/uploads\/2018\/09\/tagsag-275x197.png 275w\" sizes=\"(max-width: 390px) 100vw, 390px\" \/><\/p>\n<p>A klub tagja lehet b\u00e1rki, aki az egyes\u00fclet szab\u00e1lyait, az \u00e1ltal\u00e1nos, valamint a kung-fura, azon bel\u00fcl a WingTsun kung-fura jellemz\u0151 viselked\u00e9si norm\u00e1kat elfogadja \u00e9s az els\u0151 -ingyenes- pr\u00f3baedz\u00e9s ut\u00e1n a tand\u00edjat befizeti.<\/p>\n<p>Nem lehet a klub tagja olyan ember, akin\u00e9l fenn\u00e1ll a vesz\u00e9lye, hogy az itt tanultakat nem elfogadhat\u00f3 c\u00e9lokra haszn\u00e1lja fel (ver\u0151ember, p\u00e9nzbehajt\u00f3, stb). Akir\u0151l ilyesmi kider\u00fcl, klub- \u00e9s egyes\u00fcleti tags\u00e1ga, valamint addig megszerzett fokozatai azonnal \u00e9rv\u00e9ny\u00fcket vesztik.<\/p>\n<p><img loading=\"lazy\" decoding=\"async\" class=\"size-full wp-image-348 aligncenter\" src=\"http:\/\/budapestkungfu.hu\/wp-content\/uploads\/2018\/09\/wtgarancia.jpg\" alt=\"\" width=\"402\" height=\"565\" srcset=\"https:\/\/budapestkungfu.hu\/wp-content\/uploads\/2018\/09\/wtgarancia.jpg 402w, https:\/\/budapestkungfu.hu\/wp-content\/uploads\/2018\/09\/wtgarancia-213x300.jpg 213w, https:\/\/budapestkungfu.hu\/wp-content\/uploads\/2018\/09\/wtgarancia-100x141.jpg 100w, https:\/\/budapestkungfu.hu\/wp-content\/uploads\/2018\/09\/wtgarancia-275x387.jpg 275w\" sizes=\"(max-width: 402px) 100vw, 402px\" \/><\/p>\n","protected":false},"excerpt":{"rendered":"<p>Tags\u00e1g A Magyar WingTsun kung-fu Egyes\u00fclet tagjai -az \u00e9rv\u00e9nyes egyes\u00fcleti tagk\u00f6nyv birtok\u00e1ban- jogosultak r\u00e9sztvenni az egyes\u00fclet \u00e1ltal szervezett szemin\u00e1riumokon, nagymesteri szemin\u00e1riumokon, ny\u00e1ri t\u00e1borokon \u00e9s egy\u00e9b rendezv\u00e9nyeken. A tags\u00e1gi k\u00f6nyv bizonyos, a nagyk\u00f6z\u00f6ns\u00e9g sz\u00e1m\u00e1ra is nyitott rendezv\u00e9nyeken ingyenes, illetve kedvezm\u00e9nyes bel\u00e9p\u00e9sre jogos\u00edthat. B\u00e1rmely fokozatra vizsg\u00e1zni csak \u00e9rv\u00e9nyes tags\u00e1gi k\u00f6nyvvel lehet. Az egyes\u00fclet tagjainak lehet\u0151s\u00e9g\u00fck van a [&hellip;]<\/p>\n","protected":false},"author":1,"featured_media":0,"parent":0,"menu_order":0,"comment_status":"closed","ping_status":"closed","template":"","meta":{"footnotes":""},"_links":{"self":[{"href":"https:\/\/budapestkungfu.hu\/index.php?rest_route=\/wp\/v2\/pages\/351"}],"collection":[{"href":"https:\/\/budapestkungfu.hu\/index.php?rest_route=\/wp\/v2\/pages"}],"about":[{"href":"https:\/\/budapestkungfu.hu\/index.php?rest_route=\/wp\/v2\/types\/page"}],"author":[{"embeddable":true,"href":"https:\/\/budapestkungfu.hu\/index.php?rest_route=\/wp\/v2\/users\/1"}],"replies":[{"embeddable":true,"href":"https:\/\/budapestkungfu.hu\/index.php?rest_route=%2Fwp%2Fv2%2Fcomments&post=351"}],"version-history":[{"count":2,"href":"https:\/\/budapestkungfu.hu\/index.php?rest_route=\/wp\/v2\/pages\/351\/revisions"}],"predecessor-version":[{"id":353,"href":"https:\/\/budapestkungfu.hu\/index.php?rest_route=\/wp\/v2\/pages\/351\/revisions\/353"}],"wp:attachment":[{"href":"https:\/\/budapestkungfu.hu\/index.php?rest_route=%2Fwp%2Fv2%2Fmedia&parent=351"}],"curies":[{"name":"wp","href":"https:\/\/api.w.org\/{rel}","templated":true}]}}