{"id":326,"date":"2018-08-12T09:53:42","date_gmt":"2018-08-12T09:53:42","guid":{"rendered":"https:\/\/budapestkungfu.hu\/a-stilus"},"modified":"2018-10-09T08:12:41","modified_gmt":"2018-10-09T08:12:41","slug":"a-stilus","status":"publish","type":"page","link":"https:\/\/budapestkungfu.hu\/?page_id=326","title":{"rendered":"A st\u00edlus"},"content":{"rendered":"<div id=\"pl-163\" class=\"panel-layout\">\n<div id=\"pg-163-0\" class=\"panel-grid panel-has-style\">\n<div class=\"panel-row-style panel-row-style-for-163-0\">\n<div id=\"pgc-163-0-0\" class=\"panel-grid-cell\" data-weight=\"1\">\n<div id=\"panel-163-0-0-0\" class=\"so-panel widget widget_sow-editor panel-first-child panel-last-child\" data-index=\"0\" data-style=\"{&quot;background_image_attachment&quot;:false,&quot;background_display&quot;:&quot;tile&quot;}\">\n<div class=\"so-widget-sow-editor so-widget-sow-editor-base\">\n<div class=\"siteorigin-widget-tinymce textwidget\">\n<h1><strong>A Wing Tsun st\u00edlus<\/strong><\/h1>\n<p>A Wing Tsun kung-fu napjaink egyik leghat\u00e9konyabb \u00f6nv\u00e9delmi rendszere, melyet testalkatt\u00f3l, nemt\u0151l \u00e9s kort\u00f3l f\u00fcggetlen\u00fcl b\u00e1rki r\u00f6vid id\u0151 alatt haszn\u00e1lhat\u00f3 szinten elsaj\u00e1t\u00edthat. A rendszert a legenda szerint a Shaolin kolostor \u00e9s lak\u00f3inak elpuszt\u00edt\u00e1s\u00e1t n\u00e9gy t\u00e1rs\u00e1val t\u00fal\u00e9l\u0151 ap\u00e1ca alap\u00edtotta a mandzsu (Csin) dinasztia elleni felkel\u0151k kik\u00e9pz\u00e9s\u00e9re. Az \u00faj rendszernek egyr\u00e9szt egyszer\u0171nek kellett lennie, hiszen nem lehetett a hagyom\u00e1nyos Shaolin kik\u00e9pz\u00e9s kb. 20 \u00e9v\u00e9vel sz\u00e1molni minden egyes embern\u00e9l, m\u00e1sr\u00e9szt -okulva a templom \u00e9s a szerzetesek pusztul\u00e1s\u00e1b\u00f3l- er\u0151s, fiatal, j\u00f3l k\u00e9pzett harcosok ellen is hat\u00e9konyan kellett m\u0171k\u00f6dnie, b\u00e1rki is alkalmazta ellen\u00fck.<\/p>\n<p><img loading=\"lazy\" decoding=\"async\" class=\"alignnone size-full wp-image-283 aligncenter\" src=\"http:\/\/budapestkungfu.hu\/wp-content\/uploads\/2018\/08\/wingtsun-csaladfa.jpg\" alt=\"\" width=\"550\" height=\"743\" srcset=\"https:\/\/budapestkungfu.hu\/wp-content\/uploads\/2018\/08\/wingtsun-csaladfa.jpg 550w, https:\/\/budapestkungfu.hu\/wp-content\/uploads\/2018\/08\/wingtsun-csaladfa-222x300.jpg 222w, https:\/\/budapestkungfu.hu\/wp-content\/uploads\/2018\/08\/wingtsun-csaladfa-410x554.jpg 410w, https:\/\/budapestkungfu.hu\/wp-content\/uploads\/2018\/08\/wingtsun-csaladfa-100x135.jpg 100w, https:\/\/budapestkungfu.hu\/wp-content\/uploads\/2018\/08\/wingtsun-csaladfa-275x372.jpg 275w\" sizes=\"(max-width: 550px) 100vw, 550px\" \/><\/p>\n<p>Ennek megfelel\u0151en az \u00faj -ekkor m\u00e9g n\u00e9vtelen- rendszer, felismerve az er\u0151 \u00e9s gyorsas\u00e1g viszonylagos volt\u00e1t, az ellenf\u00e9l erej\u00e9t \u00e9s gyorsas\u00e1g\u00e1t pr\u00f3b\u00e1lja visszaford\u00edtani a t\u00e1mad\u00f3ra, hozz\u00e1adva a saj\u00e1t megl\u00e9v\u0151 erej\u00e9t \u00e9s gyorsas\u00e1g\u00e1t. Mivel a st\u00edlus soha nem fajult versenysportt\u00e1, tov\u00e1bbra is meg\u0151rizte azon technik\u00e1it, melyeket egy szab\u00e1lyozott k\u00fczdelemben (ringben) soha nem lehetne haszn\u00e1lni. Ezen technik\u00e1k egy utcai k\u00fczdelemben, ahol se b\u00edr\u00f3, se orvos, se senki m\u00e1s nem \u00e1ll\u00edtja le a k\u00fczdelmet \u00e9s a m\u00e1sodik helyezett nem ez\u00fcst\u00e9rmet kap, hanem \u00f6r\u00fcl, ha valaha is felgy\u00f3gyul, \u00e9letment\u0151ek lehetnek. A Wing Tsun k\u00fczd\u0151 -sz\u00fcks\u00e9g eset\u00e9n!- teljes term\u00e9szetess\u00e9gel t\u00e1madja ellenfele szem\u00e9t, tork\u00e1t, l\u00e1gy\u00e9k\u00e1t, gerincoszlop\u00e1t \u00e9s az ezt lehet\u0151v\u00e9 tev\u0151 technik\u00e1kat rendszeresen gyakorolja is.<\/p>\n<p><img loading=\"lazy\" decoding=\"async\" class=\"alignnone size-full wp-image-285 aligncenter\" src=\"http:\/\/budapestkungfu.hu\/wp-content\/uploads\/2018\/08\/leungting-erkezik.jpg\" alt=\"\" width=\"300\" height=\"210\" srcset=\"https:\/\/budapestkungfu.hu\/wp-content\/uploads\/2018\/08\/leungting-erkezik.jpg 300w, https:\/\/budapestkungfu.hu\/wp-content\/uploads\/2018\/08\/leungting-erkezik-100x70.jpg 100w, https:\/\/budapestkungfu.hu\/wp-content\/uploads\/2018\/08\/leungting-erkezik-275x193.jpg 275w\" sizes=\"(max-width: 300px) 100vw, 300px\" \/><\/p>\n<p>A st\u00edlust az ap\u00e1ca egyik tan\u00edtv\u00e1ny\u00e1r\u00f3l, a term\u00e9szetesen gy\u00f6ny\u00f6r\u0171 sz\u00e9p Yim Wing Tsun kisasszonyr\u00f3l nevezte el annak f\u00e9rje \u00e9s tan\u00edtv\u00e1nya, Leung Bok Chau.<\/p>\n<p><img loading=\"lazy\" decoding=\"async\" class=\"alignnone size-full wp-image-286 aligncenter\" src=\"http:\/\/budapestkungfu.hu\/wp-content\/uploads\/2018\/08\/logo.png\" alt=\"\" width=\"170\" height=\"170\" srcset=\"https:\/\/budapestkungfu.hu\/wp-content\/uploads\/2018\/08\/logo.png 170w, https:\/\/budapestkungfu.hu\/wp-content\/uploads\/2018\/08\/logo-150x150.png 150w, https:\/\/budapestkungfu.hu\/wp-content\/uploads\/2018\/08\/logo-100x100.png 100w\" sizes=\"(max-width: 170px) 100vw, 170px\" \/><\/p>\n<p>Az ap\u00e1ca eredeti elk\u00e9pzel\u00e9s\u00e9t\u0151l elt\u00e9r\u0151en a st\u00edlus m\u00e9ly titokban maradt, csup\u00e1n a b\u0151ven \u00e9rtelmezett csal\u00e1don bel\u00fcl adt\u00e1k tov\u00e1bb az arra \u00e9rdemesnek tartott embereknek, m\u00edgnem az 1950-es \u00e9vekben egy Hongkongban addig ismeretlen mester nyilv\u00e1nosan tan\u00edtani nem kezdte. Yip Man nagymester korai tan\u00edtv\u00e1nyai p\u00e1r \u00e9v alatt nagy h\u00edrnevet szereztek a st\u00edlusnak \u00e9s az \u0151 tan\u00edtv\u00e1nya volt a k\u00e9s\u0151bb filmjeiben m\u00e1r ink\u00e1bb a saj\u00e1t st\u00edlus\u00e1t mutat\u00f3 Bruce Lee is. A st\u00edlust m\u00e9g ekkor is kiz\u00e1r\u00f3lag k\u00ednai f\u00e9rfiak tanulhatt\u00e1k. Yip Man nagymester utols\u00f3 mag\u00e1ntan\u00edtv\u00e1nya, Leung Ting, a st\u00edlus jelenlegi nagymestere volt az, aki el\u0151sz\u00f6r vett fel iskol\u00e1j\u00e1ba n\u0151ket is, illetve aki el\u0151sz\u00f6r kezdte vil\u00e1gszerte terjeszteni a st\u00edlust.<\/p>\n<\/div>\n<\/div>\n<\/div>\n<\/div>\n<\/div>\n<\/div>\n<\/div>\n","protected":false},"excerpt":{"rendered":"<p>A Wing Tsun st\u00edlus A Wing Tsun kung-fu napjaink egyik leghat\u00e9konyabb \u00f6nv\u00e9delmi rendszere, melyet testalkatt\u00f3l, nemt\u0151l \u00e9s kort\u00f3l f\u00fcggetlen\u00fcl b\u00e1rki r\u00f6vid id\u0151 alatt haszn\u00e1lhat\u00f3 szinten elsaj\u00e1t\u00edthat. A rendszert a legenda szerint a Shaolin kolostor \u00e9s lak\u00f3inak elpuszt\u00edt\u00e1s\u00e1t n\u00e9gy t\u00e1rs\u00e1val t\u00fal\u00e9l\u0151 ap\u00e1ca alap\u00edtotta a mandzsu (Csin) dinasztia elleni felkel\u0151k kik\u00e9pz\u00e9s\u00e9re. Az \u00faj rendszernek egyr\u00e9szt egyszer\u0171nek kellett [&hellip;]<\/p>\n","protected":false},"author":1,"featured_media":0,"parent":0,"menu_order":0,"comment_status":"closed","ping_status":"closed","template":"page-templates\/page_fullwidth.php","meta":{"footnotes":""},"_links":{"self":[{"href":"https:\/\/budapestkungfu.hu\/index.php?rest_route=\/wp\/v2\/pages\/326"}],"collection":[{"href":"https:\/\/budapestkungfu.hu\/index.php?rest_route=\/wp\/v2\/pages"}],"about":[{"href":"https:\/\/budapestkungfu.hu\/index.php?rest_route=\/wp\/v2\/types\/page"}],"author":[{"embeddable":true,"href":"https:\/\/budapestkungfu.hu\/index.php?rest_route=\/wp\/v2\/users\/1"}],"replies":[{"embeddable":true,"href":"https:\/\/budapestkungfu.hu\/index.php?rest_route=%2Fwp%2Fv2%2Fcomments&post=326"}],"version-history":[{"count":3,"href":"https:\/\/budapestkungfu.hu\/index.php?rest_route=\/wp\/v2\/pages\/326\/revisions"}],"predecessor-version":[{"id":329,"href":"https:\/\/budapestkungfu.hu\/index.php?rest_route=\/wp\/v2\/pages\/326\/revisions\/329"}],"wp:attachment":[{"href":"https:\/\/budapestkungfu.hu\/index.php?rest_route=%2Fwp%2Fv2%2Fmedia&parent=326"}],"curies":[{"name":"wp","href":"https:\/\/api.w.org\/{rel}","templated":true}]}}