{"id":2,"date":"2018-01-26T12:08:38","date_gmt":"2018-01-26T12:08:38","guid":{"rendered":"https:\/\/budapestkungfu.hu\/f%c5%91oldal"},"modified":"2019-10-14T15:23:07","modified_gmt":"2019-10-14T15:23:07","slug":"f%c5%91oldal","status":"publish","type":"page","link":"https:\/\/budapestkungfu.hu\/","title":{"rendered":"F\u0151oldal"},"content":{"rendered":"<div id=\"pl-2\"  class=\"panel-layout\" ><div id=\"pg-2-0\"  class=\"panel-grid panel-has-style\" ><div class=\"siteorigin-panels-stretch rocked-stretch panel-row-style panel-row-style-for-2-0\" style=\"padding: 0px 0; \" data-stretch-type=\"full\" ><div id=\"pgc-2-0-0\"  class=\"panel-grid-cell\" ><div id=\"panel-2-0-0-0\" class=\"so-panel widget widget_siteorigin-panels-builder panel-first-child panel-last-child\" data-index=\"0\" ><div class=\"panel-widget-style panel-widget-style-for-2-0-0-0\" ><div id=\"pl-w5cee72e317d9c\"  class=\"panel-layout\" ><div id=\"pg-w5cee72e317d9c-0\"  class=\"panel-grid panel-has-style\" ><div class=\"siteorigin-panels-stretch rocked-stretch panel-row-style panel-row-style-for-w5cee72e317d9c-0\" style=\"background-color: #0a0a0a;text-align: center;padding: 50px 0; \" data-stretch-type=\"full\" ><div id=\"pgc-w5cee72e317d9c-0-0\"  class=\"panel-grid-cell\" ><div id=\"panel-w5cee72e317d9c-0-0-0\" class=\"so-panel widget widget_rocked_video_widget rocked_video_widget_widget panel-first-child panel-last-child\" data-index=\"0\" ><div class=\"panel-widget-style panel-widget-style-for-w5cee72e317d9c-0-0-0\" ><iframe loading=\"lazy\" title=\"Leung Ting Wing Tsun Kung-fu Budapest II. ker\u00fclet\" width=\"1170\" height=\"658\" src=\"https:\/\/www.youtube.com\/embed\/OPODVe4FLB0?feature=oembed\" frameborder=\"0\" allow=\"accelerometer; autoplay; clipboard-write; encrypted-media; gyroscope; picture-in-picture; web-share\" referrerpolicy=\"strict-origin-when-cross-origin\" allowfullscreen><\/iframe><\/div><\/div><\/div><\/div><\/div><div id=\"pg-w5cee72e317d9c-1\"  class=\"panel-grid panel-has-style\" ><div class=\"so-parallax siteorigin-panels-stretch rocked-stretch panel-row-style panel-row-style-for-w5cee72e317d9c-1\" style=\"padding: 100px 0; \" data-stretch-type=\"full\" ><img fetchpriority=\"high\" decoding=\"async\" width=\"1600\" height=\"1548\" src=\"https:\/\/budapestkungfu.hu\/wp-content\/uploads\/2018\/07\/main_para_bg.png\" class=\"attachment-full size-full\" alt=\"\" data-siteorigin-parallax=\"true\" loading=\"eager\" srcset=\"https:\/\/budapestkungfu.hu\/wp-content\/uploads\/2018\/07\/main_para_bg.png 1600w, https:\/\/budapestkungfu.hu\/wp-content\/uploads\/2018\/07\/main_para_bg-300x290.png 300w, https:\/\/budapestkungfu.hu\/wp-content\/uploads\/2018\/07\/main_para_bg-768x743.png 768w, https:\/\/budapestkungfu.hu\/wp-content\/uploads\/2018\/07\/main_para_bg-1024x991.png 1024w, https:\/\/budapestkungfu.hu\/wp-content\/uploads\/2018\/07\/main_para_bg-700x677.png 700w, https:\/\/budapestkungfu.hu\/wp-content\/uploads\/2018\/07\/main_para_bg-410x397.png 410w, https:\/\/budapestkungfu.hu\/wp-content\/uploads\/2018\/07\/main_para_bg-100x97.png 100w, https:\/\/budapestkungfu.hu\/wp-content\/uploads\/2018\/07\/main_para_bg-275x266.png 275w\" sizes=\"(max-width: 1600px) 100vw, 1600px\" \/><div id=\"pgc-w5cee72e317d9c-1-0\"  class=\"panel-grid-cell\" ><div id=\"panel-w5cee72e317d9c-1-0-0\" class=\"so-panel widget widget_rocked_services_type_a rocked_services_widget panel-first-child panel-last-child\" data-index=\"1\" >\t\t\t\t\t\t<div class=\"service-area\">\r\n\t\t\t\t\t\t\t\t\t\t\t\t\t\t\t\t\t\t\t\t\t\t\t\t\t\t\t\t\t<div class=\"roll-iconbox round border columns3\">\r\n\t\t\t\t\t\t\t\t\t\t\t\t\t\t\t\t\r\n\t\t\t\t\t\t\t\t<div class=\"icon\">\r\n\t\t\t\t\t\t\t\t\t<i class=\"fa fa-bullhorn\"><\/i>\t\t\t\t\t\t\t\t<\/div>\r\n\t\t\t\t\t\t\t\t\t\t\t\t\t\t\r\n\t\t\t\t\t\t\t<div class=\"content\">\r\n\t\t\t\t\t\t\t\t<h3>\r\n\t\t\t\t\t\t\t\t\t\t\t\t\t\t\t\t\t\t\tWing Tsun Kung Fu\t\t\t\t\t\t\t\t\t\t\t\t\t\t\t\t\t<\/h3>\r\n\t\t\t\t\t\t\t\t<p>A Wing Tsun kung-fu napjaink egyik leghat\u00e9konyabb \u00f6nv\u00e9delmi rendszere, melyet testalkatt\u00f3l, nemt\u0151l \u00e9s kort\u00f3l f\u00fcggetlen\u00fcl b\u00e1rki r\u00f6vid id\u0151 alatt haszn\u00e1lhat\u00f3 szinten elsaj\u00e1t\u00edthat.<\/p>\n\t\t\t\t\t\t\t<\/div>\r\n\t\t\t\t\t\t<\/div>\r\n\t\t\t\t\t\t\t\t\t\t\t\t\t\t\t\t\t\t\t\t\t\t\t\t\t\t\t\t\t<div class=\"roll-iconbox round border columns3\">\r\n\t\t\t\t\t\t\t\t\t\t\t\t\t\t\t\t\r\n\t\t\t\t\t\t\t\t<div class=\"icon\">\r\n\t\t\t\t\t\t\t\t\t<i class=\"fa fa-building\"><\/i>\t\t\t\t\t\t\t\t<\/div>\r\n\t\t\t\t\t\t\t\t\t\t\t\t\t\t\r\n\t\t\t\t\t\t\t<div class=\"content\">\r\n\t\t\t\t\t\t\t\t<h3>\r\n\t\t\t\t\t\t\t\t\t\t\t\t\t\t\t\t\t\t\tHelysz\u00edn\t\t\t\t\t\t\t\t\t\t\t\t\t\t\t\t\t<\/h3>\r\n\t\t\t\t\t\t\t\t<p>Cs\u00edk Ferenc \u00c1ltal\u00e1nos Iskola \u00e9s Gimn\u00e1zium<br \/>\n1027 Bp. Medve u. 5-7.<\/p>\n\t\t\t\t\t\t\t<\/div>\r\n\t\t\t\t\t\t<\/div>\r\n\t\t\t\t\t\t\t\t\t\t\t\t\t\t\t\t\t\t\t\t\t\t\t\t\t\t\t\t\t<div class=\"roll-iconbox round border columns3\">\r\n\t\t\t\t\t\t\t\t\t\t\t\t\t\t\t\t\r\n\t\t\t\t\t\t\t\t<div class=\"icon\">\r\n\t\t\t\t\t\t\t\t\t<i class=\"fa fa-child\"><\/i>\t\t\t\t\t\t\t\t<\/div>\r\n\t\t\t\t\t\t\t\t\t\t\t\t\t\t\r\n\t\t\t\t\t\t\t<div class=\"content\">\r\n\t\t\t\t\t\t\t\t<h3>\r\n\t\t\t\t\t\t\t\t\t\t\t\t\t\t\t\t\t\t\tEdz\u00e9sek\t\t\t\t\t\t\t\t\t\t\t\t\t\t\t\t\t<\/h3>\r\n\t\t\t\t\t\t\t\t<p>Kedd: 18.30-20.00<br \/>\nCs\u00fct\u00f6rt\u00f6k: 18.30-20.00<\/p>\n\t\t\t\t\t\t\t<\/div>\r\n\t\t\t\t\t\t<\/div>\r\n\t\t\t\t\t\t\t\t<\/div>\r\n\r\n\t\t\t\t\t\t\t\r\n\t<\/div><\/div><\/div><\/div><div id=\"pg-w5cee72e317d9c-2\"  class=\"panel-grid panel-has-style\" ><div class=\"siteorigin-panels-stretch rocked-stretch panel-row-style panel-row-style-for-w5cee72e317d9c-2\" style=\"background-color: #3d6137;color: #ffffff;padding: 50px 0; \" data-stretch-type=\"full\" data-hascolor=\"hascolor\" ><div id=\"pgc-w5cee72e317d9c-2-0\"  class=\"panel-grid-cell\" ><div class=\"red-info-box panel-cell-style panel-cell-style-for-w5cee72e317d9c-2-0\" ><div id=\"panel-w5cee72e317d9c-2-0-0\" class=\"so-panel widget widget_sow-editor panel-first-child panel-last-child\" data-index=\"2\" ><div\n\t\t\t\n\t\t\tclass=\"so-widget-sow-editor so-widget-sow-editor-base\"\n\t\t\t\n\t\t>\n<div class=\"siteorigin-widget-tinymce textwidget\">\n\t<div class=\"fb-page\" data-href=\"https:\/\/www.facebook.com\/Leung-Ting-Wing-Tsun-Kung-fu-Buda-II-ker&#xfc;let-503663166504816\/\" data-tabs=\"timeline\" data-width=\"370\" data-height=\"350\" data-small-header=\"false\" data-adapt-container-width=\"true\" data-hide-cover=\"false\" data-show-facepile=\"true\">\n<blockquote cite=\"https:\/\/www.facebook.com\/Leung-Ting-Wing-Tsun-Kung-fu-Buda-II-ker&#xfc;let-503663166504816\/\" class=\"fb-xfbml-parse-ignore\"><p><a href=\"https:\/\/www.facebook.com\/Leung-Ting-Wing-Tsun-Kung-fu-Buda-II-ker&#xfc;let-503663166504816\/\">Leung Ting Wing Tsun Kung fu Buda II. ker\u00fclet<\/a><\/p><\/blockquote>\n<\/div>\n<\/div>\n<\/div><\/div><\/div><\/div><div id=\"pgc-w5cee72e317d9c-2-1\"  class=\"panel-grid-cell\" ><div class=\"red-info-box panel-cell-style panel-cell-style-for-w5cee72e317d9c-2-1\" ><div id=\"panel-w5cee72e317d9c-2-1-0\" class=\"so-panel widget widget_sow-editor panel-first-child panel-last-child\" data-index=\"3\" ><div\n\t\t\t\n\t\t\tclass=\"so-widget-sow-editor so-widget-sow-editor-base\"\n\t\t\t\n\t\t>\n<div class=\"siteorigin-widget-tinymce textwidget\">\n\t<p><img loading=\"lazy\" decoding=\"async\" class=\"alignnone wp-image-258 size-full aligncenter\" src=\"http:\/\/budapestkungfu.hu\/wp-content\/uploads\/2018\/07\/sihingsp.png\" alt=\"\" width=\"370\" height=\"350\" srcset=\"https:\/\/budapestkungfu.hu\/wp-content\/uploads\/2018\/07\/sihingsp.png 370w, https:\/\/budapestkungfu.hu\/wp-content\/uploads\/2018\/07\/sihingsp-300x284.png 300w, https:\/\/budapestkungfu.hu\/wp-content\/uploads\/2018\/07\/sihingsp-100x95.png 100w, https:\/\/budapestkungfu.hu\/wp-content\/uploads\/2018\/07\/sihingsp-275x260.png 275w\" sizes=\"(max-width: 370px) 100vw, 370px\" \/><\/p>\n<p style=\"text-align: center;\">Si-Hing Sapszon P\u00e9ter, III. mesterfokozat<\/p>\n<\/div>\n<\/div><\/div><\/div><\/div><div id=\"pgc-w5cee72e317d9c-2-2\"  class=\"panel-grid-cell\" ><div class=\"red-info-box panel-cell-style panel-cell-style-for-w5cee72e317d9c-2-2\" ><div id=\"panel-w5cee72e317d9c-2-2-0\" class=\"so-panel widget widget_sow-editor panel-first-child panel-last-child\" data-index=\"4\" ><div\n\t\t\t\n\t\t\tclass=\"so-widget-sow-editor so-widget-sow-editor-base\"\n\t\t\t\n\t\t>\n<div class=\"siteorigin-widget-tinymce textwidget\">\n\t<p><iframe loading=\"lazy\" style=\"border: 0;\" src=\"https:\/\/www.google.com\/maps\/embed?pb=!1m18!1m12!1m3!1d2695.019072654992!2d19.033511915906065!3d47.50901977917835!2m3!1f0!2f0!3f0!3m2!1i1024!2i768!4f13.1!3m3!1m2!1s0x0%3A0xdac38a057a5e5a68!2zQ3NpayBGZXJlbmMgw4FsdGFsw6Fub3MgSXNrb2xhIMOpcyBHaW1uw6F6aXVt!5e0!3m2!1sen!2shu!4v1517305505443\" width=\"100%\" height=\"350px\" frameborder=\"0\" allowfullscreen=\"allowfullscreen\"><\/iframe><\/p>\n<\/div>\n<\/div><\/div><\/div><\/div><\/div><\/div><\/div><\/div><\/div><\/div><\/div><\/div><\/div>","protected":false},"excerpt":{"rendered":"<p>Leung Ting Wing Tsun Kung fu Buda II. ker\u00fclet Si-Hing Sapszon P\u00e9ter, III. mesterfokozat<\/p>\n","protected":false},"author":1,"featured_media":0,"parent":0,"menu_order":0,"comment_status":"closed","ping_status":"open","template":"page-templates\/page_front-page.php","meta":{"footnotes":""},"_links":{"self":[{"href":"https:\/\/budapestkungfu.hu\/index.php?rest_route=\/wp\/v2\/pages\/2"}],"collection":[{"href":"https:\/\/budapestkungfu.hu\/index.php?rest_route=\/wp\/v2\/pages"}],"about":[{"href":"https:\/\/budapestkungfu.hu\/index.php?rest_route=\/wp\/v2\/types\/page"}],"author":[{"embeddable":true,"href":"https:\/\/budapestkungfu.hu\/index.php?rest_route=\/wp\/v2\/users\/1"}],"replies":[{"embeddable":true,"href":"https:\/\/budapestkungfu.hu\/index.php?rest_route=%2Fwp%2Fv2%2Fcomments&post=2"}],"version-history":[{"count":167,"href":"https:\/\/budapestkungfu.hu\/index.php?rest_route=\/wp\/v2\/pages\/2\/revisions"}],"predecessor-version":[{"id":46,"href":"https:\/\/budapestkungfu.hu\/index.php?rest_route=\/wp\/v2\/pages\/2\/revisions\/46"}],"wp:attachment":[{"href":"https:\/\/budapestkungfu.hu\/index.php?rest_route=%2Fwp%2Fv2%2Fmedia&parent=2"}],"curies":[{"name":"wp","href":"https:\/\/api.w.org\/{rel}","templated":true}]}}