{"id":174,"date":"2018-05-23T08:55:27","date_gmt":"2018-05-23T08:55:27","guid":{"rendered":"https:\/\/budapestkungfu.hu\/szabalyzat"},"modified":"2018-10-09T00:39:20","modified_gmt":"2018-10-09T00:39:20","slug":"szabalyzat","status":"publish","type":"page","link":"https:\/\/budapestkungfu.hu\/?page_id=174","title":{"rendered":"Szab\u00e1lyzat"},"content":{"rendered":"<h2>Az iskola szab\u00e1lyzata<\/h2>\n<p>1.A foglalkoz\u00e1sokon mindig id\u0151ben, \u00e1poltan jelenjen meg.<br \/>\n2.Mindig szab\u00e1lyos uniformisban \u00e9s v\u00e9d\u0151felszerel\u00e9sben gyakoroljon.<br \/>\n3.Terembe val\u00f3 be-, \u00e9s kil\u00e9p\u00e9skor mindig hajoljon meg.<br \/>\n4.Viselkedjen mindig fegyelmezetten.<br \/>\n5.Tilos a karba, illetve zsebre tett k\u00e9z, tov\u00e1bb\u00e1 a r\u00e1g\u00f3gumi, a doh\u00e1nyz\u00e1s, \u00e9s alkoholfogyaszt\u00e1s.<br \/>\n6.Tisztelettel k\u00f6zeledjen a Si-Fu-hoz \u00e9s a Si-Hing-hez, haszn\u00e1lja a hivatalos megsz\u00f3l\u00edt\u00e1st.<br \/>\n7.K\u00f6sz\u00f6ntse a Si-Fu-t \u00e9s a Si-Hing-et tradicion\u00e1lis meghajl\u00e1ssal.<br \/>\n8.Hib\u00e1inak kijav\u00edt\u00e1s\u00e1t mindig k\u00f6sz\u00f6nje meg.<br \/>\n9.A foglalkoz\u00e1sokon tilos \u00f3ra, nyakl\u00e1nc, gy\u0171r\u0171 \u00e9s egy\u00e9b balesetvesz\u00e9lyes t\u00e1rgy viselete.<br \/>\n10.Ne gyakoroljon edz\u0151harcot fel\u00fcgyelet n\u00e9lk\u00fcl.<br \/>\n11.Gyakorolja szorgalmasan \u00e9s soha ne felejtse el a technik\u00e1kat.<br \/>\n12.A tanult technik\u00e1kat csak sz\u00fcks\u00e9g eset\u00e9n haszn\u00e1lja a r\u00e1szorul\u00f3k \u00e9s \u00f6nmaga v\u00e9delm\u00e9ben<br \/>\n13.Legyen bar\u00e1ts\u00e1gos \u00e9s seg\u00edt\u0151k\u00e9sz t\u00e1rsaival.<br \/>\n14.Soha ne s\u00e9rtse meg a Wing Tsun tekint\u00e9ly\u00e9t.<br \/>\n15.A tand\u00edjat minden h\u00f3 tizedik\u00e9ig fizesse be.<br \/>\n16.Ha a tagnak b\u00e1rmilyen probl\u00e9m\u00e1ja van a klubbal, vagy a t\u00e1rsaival kapcsolatban, k\u00f6teles a k\u00f6zpont fel\u00e9 jelezni.<br \/>\n17.Azt a tan\u00edtv\u00e1nyt, aki t\u00f6bbsz\u00f6r \u00e9s sz\u00e1nd\u00e9kosan megs\u00e9rti az iskola szab\u00e1lyait, eltan\u00e1csoljuk az iskol\u00e1b\u00f3l!<\/p>\n<h2>\u00d6lt\u00f6z\u00e9k<\/h2>\n<p>Hagyom\u00e1nyos, az el\u00e9rt fokozatnak megfelel\u0151 Wing Tsun uniformis (feh\u00e9r p\u00f3l\u00f3 &#8211; \u00f6t\u00f6dik fokozatt\u00f3l fekete szeg\u00e9llyel &#8211; nyomott fekete felirattal, fokozatjel, fekete kung-fu nadr\u00e1g, feh\u00e9r zokni, fekete kung-fu cip\u0151).<\/p>\n<h2>Megtekint\u00e9s, kipr\u00f3b\u00e1l\u00e1s<\/h2>\n<p>Az edz\u00e9seket b\u00e1rki, akit \u00e9rdekel, megtekintheti. Az els\u0151 edz\u00e9s mindenkinek ingyenes, mondhatni pr\u00f3baedz\u00e9s. A tanul\u00f3 k\u00e9t h\u00f3nap ut\u00e1n l\u00e9phet be az egyes\u00fcletbe (az edz\u00e9seket addig is l\u00e1togathatja \u00e9s a havi tand\u00edjat is fizetnie kell), amennyiben ezt \u0151 \u00e9s az instruktor is j\u00f3nak l\u00e1tja. Az ekkor kapott tags\u00e1gi igazolv\u00e1ny jogos\u00edtja fel vizsg\u00e1z\u00e1sra, szemin\u00e1riumokon, t\u00e1borokon val\u00f3 r\u00e9szv\u00e9telre.<\/p>\n<h2>Tr\u00e9ningek<\/h2>\n<ul>\n<li>Az els\u0151 r\u00e9szben formagyakorlatot \u00e9s b\u00e1zistechnik\u00e1kat gyakorlunk. A formagyakorlat rendszerbe gy\u0171jti az adott fokozathoz tanuland\u00f3 mozdulatokat, de emellett bemeleg\u00edt\u00e9sre is szolg\u00e1l. A b\u00e1zisgyakorlatok a tanult technik\u00e1k, csiszol\u00e1s\u00e1ra sz\u00fcks\u00e9gesek. Ezek a mozdulatok az edz\u00e9s els\u0151 30 perc\u00e9t teszik ki. Itt \u00e9p\u00edt a tanul\u00f3 pontos alapot a k\u00e9s\u0151bbi harci gyakorlatokhoz.<\/li>\n<li>A m\u00e1sodik r\u00e9szben (45- 50 perc) p\u00e1ros harci \u00e9s \u00f6nv\u00e9delmi gyakorl\u00e1s folyik. Itt k\u00fcl\u00f6nb\u00f6z\u0151 t\u00e1mad\u00f3 szitu\u00e1ci\u00f3kra gyakorlunk v\u00e9dekez\u00e9seket, ellent\u00e1mad\u00e1sokat.<\/li>\n<li>A harmadik r\u00e9szben reflex \u00e9s er\u0151fejleszt\u0151 gyakorlatokat v\u00e9gz\u00fcnk.<\/li>\n<\/ul>\n<p>A tr\u00e9ningen h\u00e1rom csoportban gyakorolnak a tanul\u00f3k ( kezd\u0151, k\u00f6z\u00e9phalad\u00f3, halad\u00f3), \u00edgy mindenki tud\u00e1s\u00e1nak megfelel\u0151 partnerrel edzhet.<\/p>\n<p>A h\u00e1rom iskola tanul\u00f3inak lehet\u0151s\u00e9g\u00fck van arra is, hogy a m\u00e1sik k\u00e9t helysz\u00ednen is edzhessenek k\u00fcl\u00f6n tand\u00edj befizet\u00e9se n\u00e9lk\u00fcl, \u00edgy ak\u00e1r minden nap ott lehetnek iskol\u00e1inkban a m\u00e9g gyorsabb fejl\u0151d\u00e9s \u00e9rdek\u00e9ben.<\/p>\n<p>A tan\u00edtv\u00e1nynak lehet\u0151s\u00e9ge van edz\u00e9sen k\u00edv\u00fcli tov\u00e1bbfejl\u0151d\u00e9sre is:<\/p>\n<p>K\u00fcl\u00f6n\u00f3ra<br \/>\nK\u00fcl\u00f6n\u00f3r\u00e1n az oktat\u00f3 csak egy tan\u00edtv\u00e1nnyal foglalkozik, jav\u00edtja mozdulatait. \u00cdgy a tanul\u00f3 gyorsabban halad a tananyag elsaj\u00e1t\u00edt\u00e1s\u00e1ban. Ideje kb.:60 perc<br \/>\nKiscsoportos tr\u00e9ning<br \/>\nKiscsoportos edz\u00e9sen a tanult mozdulatokat v\u00e9d\u0151felszerel\u00e9sekkel \u00fagymond szabadon gyakoroljuk. Sok a f\u00f6ldharc, szabadharc, zs\u00e1kol\u00e1s, pont\u00fct\u0151z\u00e9s. Ez kb. 3 \u00f3r\u00e1s.<br \/>\nSzemin\u00e1riumok<\/p>\n<p>A helyi szemin\u00e1riumokat Si fu M\u00e1day Norbert (9. nagymesteri fokozat) vezeti. K\u00e9t nap alatt h\u00e1rom edz\u00e9sen \u00e9s a vizsg\u00e1n lehet r\u00e9szt venni.<br \/>\nEdz\u0151t\u00e1borok<br \/>\nMinden \u00e9vben h\u00e1rom edz\u0151t\u00e1borunk van. Ez egy h\u00e9t alatt intenz\u00edv, napi 2-szer 3 \u00f3r\u00e1s edz\u00e9st jelent.<br \/>\nVizsg\u00e1k<br \/>\nA WingTsun kung-fuban 12 tanul\u00f3fokozat van, melyek\u00e9rt vizsg\u00e1zni a f\u00e9l\u00e9vente esed\u00e9kes ter\u00fcleti szemin\u00e1riumokon, illetve a ny\u00e1ri edz\u0151t\u00e1borokban lehet. Az el\u00e9rt fokozatr\u00f3l a tanul\u00f3k diplom\u00e1t kapnak. A fokozatot a ruh\u00e1ra varrt szilvavir\u00e1g alak\u00fa fokozatjel jelzi.<\/p>\n<p>Mesterfokozatb\u00f3l szint\u00e9n 12 van. A 9. m\u00e1r nagymesteri fokozat, a 11.-et a visszavonul\u00f3 nagymester kapja, a 12. csak posthumus adhat\u00f3, jelk\u00e9pezv\u00e9n, hogy mindannyian csak t\u00f6reksz\u00fcnk a t\u00f6k\u00e9letess\u00e9gre, de \u00e9let\u00fcnkben el nem \u00e9rhetj\u00fck azt.<\/p>\n<p>Az els\u0151 n\u00e9gy mesterfokozatot el\u00e9r\u0151ket technikusoknak, az 5.-8. fokozat k\u00f6z\u00f6ttieket gyakorl\u00f3knak nevezik. Az EEWTO-ban mesterfokozatra szem\u00e9lyesen Leung Ting nagymester el\u0151tt kell vizsg\u00e1zni. A sikeresen vizsg\u00e1z\u00f3 angol \u00e9s k\u00ednai nyelv\u0171 diplom\u00e1t kap.<\/p>\n<p>&nbsp;<\/p>\n<h5>A tanul\u00f3 fokozat\u00fa szilvavir\u00e1g jelek<\/h5>\n<table cellspacing=\"1\" cellpadding=\"5\">\n<tbody>\n<tr>\n<td><img decoding=\"async\" src=\"http:\/\/www.wingtsun.hu\/menu\/felszerelesek\/uniformis\/szilvavirag_01.gif\" alt=\"\" \/><\/td>\n<td><img decoding=\"async\" src=\"http:\/\/www.wingtsun.hu\/menu\/felszerelesek\/uniformis\/szilvavirag_02.gif\" alt=\"\" \/><\/td>\n<td><img decoding=\"async\" src=\"http:\/\/www.wingtsun.hu\/menu\/felszerelesek\/uniformis\/szilvavirag_03.gif\" alt=\"\" \/><\/td>\n<td><img decoding=\"async\" src=\"http:\/\/www.wingtsun.hu\/menu\/felszerelesek\/uniformis\/szilvavirag_04.gif\" alt=\"\" \/><\/td>\n<\/tr>\n<tr>\n<td>1. fokozat<br \/>\n(kezd\u0151)<\/td>\n<td>2. fokozat<br \/>\n(kezd\u0151)<\/td>\n<td>3. fokozat<br \/>\n(kezd\u0151)<\/td>\n<td>4. fokozat<br \/>\n(kezd\u0151)<\/td>\n<\/tr>\n<tr>\n<td><img decoding=\"async\" src=\"http:\/\/www.wingtsun.hu\/menu\/felszerelesek\/uniformis\/szilvavirag_05.gif\" alt=\"\" \/><\/td>\n<td><img decoding=\"async\" src=\"http:\/\/www.wingtsun.hu\/menu\/felszerelesek\/uniformis\/szilvavirag_06.gif\" alt=\"\" \/><\/td>\n<td><img decoding=\"async\" src=\"http:\/\/www.wingtsun.hu\/menu\/felszerelesek\/uniformis\/szilvavirag_07.gif\" alt=\"\" \/><\/td>\n<td><img decoding=\"async\" src=\"http:\/\/www.wingtsun.hu\/menu\/felszerelesek\/uniformis\/szilvavirag_08.gif\" alt=\"\" \/><\/td>\n<\/tr>\n<tr>\n<td>5. fokozat<br \/>\n(k\u00f6z\u00e9phalad\u00f3)<\/td>\n<td>6. fokozat<br \/>\n(k\u00f6z\u00e9phalad\u00f3)<\/td>\n<td>7. fokozat<br \/>\n(k\u00f6z\u00e9phalad\u00f3)<\/td>\n<td>8. fokozat<br \/>\n(k\u00f6z\u00e9phalad\u00f3)<\/td>\n<\/tr>\n<tr>\n<td><img decoding=\"async\" src=\"http:\/\/www.wingtsun.hu\/menu\/felszerelesek\/uniformis\/szilvavirag_09.gif\" alt=\"\" \/><\/td>\n<td><img decoding=\"async\" src=\"http:\/\/www.wingtsun.hu\/menu\/felszerelesek\/uniformis\/szilvavirag_10.gif\" alt=\"\" \/><\/td>\n<td><img decoding=\"async\" src=\"http:\/\/www.wingtsun.hu\/menu\/felszerelesek\/uniformis\/szilvavirag_11.gif\" alt=\"\" \/><\/td>\n<td><img decoding=\"async\" src=\"http:\/\/www.wingtsun.hu\/menu\/felszerelesek\/uniformis\/szilvavirag_12.gif\" alt=\"\" \/><\/td>\n<\/tr>\n<tr>\n<td>9. fokozat<br \/>\n(halad\u00f3)<\/td>\n<td>10. fokozat<br \/>\n(halad\u00f3)<\/td>\n<td>11. fokozat<br \/>\n(halad\u00f3)<\/td>\n<td>12. fokozat<br \/>\n(halad\u00f3)<\/td>\n<\/tr>\n<\/tbody>\n<\/table>\n<h5>A mesterek uniformisa<\/h5>\n<table cellspacing=\"1\" cellpadding=\"5\">\n<tbody>\n<tr>\n<td><img decoding=\"async\" src=\"http:\/\/www.wingtsun.hu\/menu\/felszerelesek\/uniformis\/szilvavirag_mester.gif\" alt=\"\" \/><\/td>\n<td><img decoding=\"async\" src=\"http:\/\/www.wingtsun.hu\/menu\/felszerelesek\/uniformis\/mesterszint_1.jpg\" alt=\"\" \/><\/td>\n<td><img decoding=\"async\" src=\"http:\/\/www.wingtsun.hu\/menu\/felszerelesek\/uniformis\/mesterszint_2.jpg\" alt=\"\" \/><\/td>\n<td><img decoding=\"async\" src=\"http:\/\/www.wingtsun.hu\/menu\/felszerelesek\/uniformis\/mesterszint_3.jpg\" alt=\"\" \/><\/td>\n<td><img decoding=\"async\" src=\"http:\/\/www.wingtsun.hu\/menu\/felszerelesek\/uniformis\/mesterszint_4.jpg\" alt=\"\" \/><\/td>\n<\/tr>\n<tr>\n<td>A mesterfokozatot jel\u00f6l\u0151 szilvavir\u00e1g mot\u00edvum<\/td>\n<td>Az 1. mesterfokozat\u00fa<br \/>\nWing Tsun gyakorl\u00f3 uniformisa technikus<\/td>\n<td>A 2-4. mesterfokozat\u00fa<br \/>\nWing Tsun gyakorl\u00f3 uniformisa<\/td>\n<td>Az 5-8. mesterfokozat\u00fa<br \/>\nWing Tsun gyakorl\u00f3 uniformisa<\/td>\n<td>A 9. mesterfokozat\u00fa<br \/>\nWing Tsun gyakorl\u00f3 uniformisa<\/td>\n<\/tr>\n<\/tbody>\n<\/table>\n<div class=\"clearer\"><\/div>\n<p><span style=\"font-size: large;\">\u00a0<\/span><\/p>\n<h5>A Wing Tsun gyakorl\u00f3k uniformis\u00e1hoz tartozik m\u00e9g<\/h5>\n<table cellspacing=\"1\" cellpadding=\"5\">\n<tbody>\n<tr>\n<td><img decoding=\"async\" src=\"http:\/\/www.wingtsun.hu\/menu\/felszerelesek\/uniformis\/tollfuzet.jpg\" alt=\"\" \/><\/td>\n<td><img decoding=\"async\" src=\"http:\/\/www.wingtsun.hu\/menu\/felszerelesek\/uniformis\/mellvedo_s.jpg\" alt=\"\" \/><\/td>\n<td><img decoding=\"async\" src=\"http:\/\/www.wingtsun.hu\/menu\/felszerelesek\/uniformis\/kesztyu_s.jpg\" alt=\"\" \/><\/td>\n<td><img decoding=\"async\" src=\"http:\/\/www.wingtsun.hu\/menu\/felszerelesek\/uniformis\/szemkoto_s.jpg\" alt=\"\" \/><\/td>\n<\/tr>\n<tr>\n<td><b>Toll \u00e9s f\u00fczet<\/b><\/td>\n<td><b>Mellv\u00e9d\u0151<\/b><\/td>\n<td><b>Keszty\u0171k<\/b><\/td>\n<td><b>Szemk\u00f6t\u0151<\/b><\/td>\n<\/tr>\n<tr>\n<td>A Wing Tsun gyakorl\u00f3 felszerel\u00e9s\u00e9nek legfontosabb darabja.<\/td>\n<td>A mellv\u00e9d\u0151 meg\u00f3vja visel\u0151j\u00e9t a s\u00e9r\u00fcl\u00e9sekt\u0151l, mik\u00f6zben partner\u00e9nek lehet\u0151s\u00e9get biztos\u00edt a hat\u00e9kony gyakorl\u00e1sra.<\/td>\n<td>Halad\u00f3 szinten egyes gyakorlatokhoz sz\u00fcks\u00e9g van a k\u00e9zfejet takar\u00f3 keszty\u0171k visel\u00e9s\u00e9re.<\/td>\n<td>A Wing Tsun Tapad\u00f3s Kezek gyakorl\u00e1s\u00e1n\u00e1l a kezek &#8220;l\u00e1tnak&#8221;, nem a szem. A felszerel\u00e9s ezen darabja seg\u00edt a feladatra koncentr\u00e1lni.<\/td>\n<\/tr>\n<\/tbody>\n<\/table>\n","protected":false},"excerpt":{"rendered":"<p>Az iskola szab\u00e1lyzata 1.A foglalkoz\u00e1sokon mindig id\u0151ben, \u00e1poltan jelenjen meg. 2.Mindig szab\u00e1lyos uniformisban \u00e9s v\u00e9d\u0151felszerel\u00e9sben gyakoroljon. 3.Terembe val\u00f3 be-, \u00e9s kil\u00e9p\u00e9skor mindig hajoljon meg. 4.Viselkedjen mindig fegyelmezetten. 5.Tilos a karba, illetve zsebre tett k\u00e9z, tov\u00e1bb\u00e1 a r\u00e1g\u00f3gumi, a doh\u00e1nyz\u00e1s, \u00e9s alkoholfogyaszt\u00e1s. 6.Tisztelettel k\u00f6zeledjen a Si-Fu-hoz \u00e9s a Si-Hing-hez, haszn\u00e1lja a hivatalos megsz\u00f3l\u00edt\u00e1st. 7.K\u00f6sz\u00f6ntse a Si-Fu-t [&hellip;]<\/p>\n","protected":false},"author":1,"featured_media":0,"parent":0,"menu_order":0,"comment_status":"closed","ping_status":"closed","template":"page-templates\/page_fullwidth.php","meta":{"footnotes":""},"_links":{"self":[{"href":"https:\/\/budapestkungfu.hu\/index.php?rest_route=\/wp\/v2\/pages\/174"}],"collection":[{"href":"https:\/\/budapestkungfu.hu\/index.php?rest_route=\/wp\/v2\/pages"}],"about":[{"href":"https:\/\/budapestkungfu.hu\/index.php?rest_route=\/wp\/v2\/types\/page"}],"author":[{"embeddable":true,"href":"https:\/\/budapestkungfu.hu\/index.php?rest_route=\/wp\/v2\/users\/1"}],"replies":[{"embeddable":true,"href":"https:\/\/budapestkungfu.hu\/index.php?rest_route=%2Fwp%2Fv2%2Fcomments&post=174"}],"version-history":[{"count":10,"href":"https:\/\/budapestkungfu.hu\/index.php?rest_route=\/wp\/v2\/pages\/174\/revisions"}],"predecessor-version":[{"id":384,"href":"https:\/\/budapestkungfu.hu\/index.php?rest_route=\/wp\/v2\/pages\/174\/revisions\/384"}],"wp:attachment":[{"href":"https:\/\/budapestkungfu.hu\/index.php?rest_route=%2Fwp%2Fv2%2Fmedia&parent=174"}],"curies":[{"name":"wp","href":"https:\/\/api.w.org\/{rel}","templated":true}]}}