{"id":170,"date":"2018-05-23T08:51:47","date_gmt":"2018-05-23T08:51:47","guid":{"rendered":"https:\/\/budapestkungfu.hu\/eletrajzok"},"modified":"2018-09-03T13:09:44","modified_gmt":"2018-09-03T13:09:44","slug":"eletrajzok","status":"publish","type":"page","link":"https:\/\/budapestkungfu.hu\/?page_id=170","title":{"rendered":"\u00c9letrajzok"},"content":{"rendered":"<h1 style=\"text-align: center;\">\u00c9letrajzok<\/h1>\n<h2>Yip Man nagymester<\/h2>\n<p><img loading=\"lazy\" decoding=\"async\" class=\"alignnone size-full wp-image-297 alignleft\" src=\"http:\/\/budapestkungfu.hu\/wp-content\/uploads\/2018\/08\/yipman.jpg\" alt=\"\" width=\"250\" height=\"313\" srcset=\"https:\/\/budapestkungfu.hu\/wp-content\/uploads\/2018\/08\/yipman.jpg 250w, https:\/\/budapestkungfu.hu\/wp-content\/uploads\/2018\/08\/yipman-240x300.jpg 240w, https:\/\/budapestkungfu.hu\/wp-content\/uploads\/2018\/08\/yipman-100x125.jpg 100w\" sizes=\"(max-width: 250px) 100vw, 250px\" \/>Yip Man nagymester 1893. okt\u00f3ber 14-\u00e9n sz\u00fcletett a Ching dinasztia alatt, a Kwantung tartom\u00e1nyban tal\u00e1lhat\u00f3 Fatshan v\u00e1ros\u00e1ban. Eredeti neve Gei Man; 3 testv\u00e9re volt, b\u00e1tyja Gai Gak, k\u00e9t h\u00faga Wan Mei \u00e9s Wan Hom. Hat \u00e9ves kor\u00e1t\u00f3l Chan Wan Shun-t\u00f3l (P\u00e9nzv\u00e1lt\u00f3) tanult, a legfiatalabb \u00e9s egyben utols\u00f3 tan\u00edtv\u00e1nya volt. 1905-ben elh\u00fanyt Chan Wan Shun, de a hal\u00e1la el\u0151tt Ng Chung Sao-t b\u00edzta meg az ifj\u00fa Yip Man oktat\u00e1s\u00e1val. 1908-ban egy rokona lak\u00e1shoz seg\u00edtette Hong Kong-ban, a Kane Road-on, ahol a St. Stephen College \u00f6szt\u00f6nd\u00edasak\u00e9nt tanult. 1909-1913 k\u00f6z\u00f6tt Leung Jan egyik fi\u00e1val Leung Bik-kel is tal\u00e1lkozott, 4 \u00e9vig tanult tole, \u00e9s ez\u00e9rt Yip Man a Wing Tsun teljes tud\u00e1s\u00e1t birtokolta.<\/p>\n<p>T\u00f6bb mint h\u00fasz \u00e9ven \u00e1t, 1914 \u00e9s 1937 k\u00f6z\u00f6tt, Yip Man nagymester foleg a hadseregn\u00e9l \u00e9s a rend\u0151rs\u00e9gn\u00e9l dolgozott. Elvette feles\u00e9g\u00fcl Cheung Wing Sing-et (aki a Ching dinasztia egyik miniszter\u00e9nek lesz\u00e1rmazottja), 4 gyermek\u00fck sz\u00fcletett: fiai Yip Chun (Yip Hok-Chun), Yip Ching (Hok Ching) \u00e9s l\u00e1nyai Ar Sum \u00e9s Ar Wun. Munk\u00e1j\u00e1n k\u00edv\u00fcl sok m\u00e1s mesterrel is tal\u00e1lkozott \u00e9s edzett, k\u00f6zt\u00fck tal\u00e1lhat\u00f3 Yuen Kay-San, Yiu Choi \u00e9s Tong Kai. A mester kertj\u00e9t az\u00f3ta a korm\u00e1ny megv\u00e1s\u00e1rolta \u00e9s m\u00fazeumm\u00e1 nyilv\u00e1n\u00edtotta.<\/p>\n<p>1937-1945-ig a jap\u00e1n megsz\u00e1ll\u00e1s alatt Yip Man Fatshanban \u00e9lt \u00e9s megsz\u00e1ll\u00f3ik ellen k\u00fczd\u00f6tt. Mikor sz\u00fcl\u0151faluj\u00e1t elfoglalt\u00e1k, ellen\u00e1llt \u00e9s nem h\u00f3dolt be a b\u00e1bkorm\u00e1nynak. Egy bar\u00e1tja, Chow Cheng Chung l\u00e1tta el id\u0151r\u0151l-id\u0151re \u00e9lelmiszerrel csal\u00e1dj\u00e1t. A nagymester ezt meg akarta h\u00e1l\u00e1lni neki \u00e9s ez\u00e9rt kezdte el tan\u00edtani fi\u00e1t Chow Kwang Yiu-t. 1941 \u00e9s 43 k\u00f6z\u00f6tt Wing Onban oktatott \u00e9s itt tan\u00edtotta az elso gener\u00e1ci\u00f3t: Kwok Fu, Chan Chi Sun, Ng Ying, Lun Kai.<\/p>\n<p>A jap\u00e1n kapitul\u00e1ci\u00f3 ut\u00e1n csak 1948-ban kezdett \u00fajra tan\u00edtani, egyik bar\u00e1tj\u00e1t Tong Kai Pang Nam-ot a Fatshani Cheung Yee Atl\u00e9tikai Egyes\u00fcletben. 1949-ben Mao el\u0151l Yip Man nagymester Macaon kereszt\u00fcl Hong Kong-ba emigr\u00e1lt. Majd 1950 j\u00falius\u00e1ban kezdett el oktatni Kowloonban, a Dai Lam utc\u00e1ban az \u00c9ttermi Dolgoz\u00f3k Egyes\u00fclet\u00e9n\u00e9l. Az elso oszt\u00e1ly\u00e1ban csak nyolc tanul\u00f3ja volt, k\u00f6zt\u00fck Leung Sheun \u00e9s Lok Yiu. Mindannyian \u00e9ttermi dolgoz\u00f3k voltak \u00e9s ez\u00e9rt h\u00edvj\u00e1k ezt a szakaszt az &#8220;\u00c9ttermi Dolgoz\u00f3k Egyes\u00fclete els\u0151 f\u00e1zis\u00e1nak&#8221;. A szakszervezetnek is dolgozott Hong Kong-ban.<\/p>\n<p>1953-ban a szakszervezeti v\u00e1laszt\u00e1sok miatt \u00e1tk\u00f6lt\u00f6ztette iskol\u00e1j\u00e1t a Hoi Tan utc\u00e1ba. Elkezdett mag\u00e1n\u00f3r\u00e1kat is adni a H\u00e1rom Herceg Templom\u00e1ban, a Yue Chow utc\u00e1ban. 1954-ben \u00fajra elkezdte tan\u00edtani az \u00c9ttermi Dolgoz\u00f3k Szakszervezet\u00e9nek tagjait, ez alatt tanult n\u00e1la Lo Man Kam \u00e9s Kan Wah-Chit (Victor Kan).<\/p>\n<p>1955-1957 k\u00f6z\u00f6tt visszak\u00f6lt\u00f6z\u00f6tt Kowloonba \u00e9s itt volt tan\u00edtv\u00e1nya Lee Siu-Ling (Bruce Lee), Hawkins Cheung \u00e9s sokan m\u00e1sok. 1957 \u00e9s 1963 k\u00f6z\u00f6tt sz\u00e1mos helyen tan\u00edtott \u00e9s adott mag\u00e1n\u00f3r\u00e1kat, Sau Kai-Wan \u00e9s Shun Kei Fazekasmuhely\u00e9ben, a Tai Po Road 61 sz\u00e1m alatt, Lee Chang Ok Chuenben \u00e9s a Yee Wa szab\u00f3s\u00e1gban. Ekkor tanultak n\u00e1la Cheun Yiu-Wing, Chan Wun Lam, Kwok See-Yan \u00e9s Peter Chang.<\/p>\n<p>1963-ban az iskola a Tai Sang \u00c9tterem elso emelet\u00e9re k\u00f6lt\u00f6z\u00f6tt, a Tai Kok Tsuiban l\u00e9vo Fook Chuen utc\u00e1ba. A legt\u00f6bben \u00e1tj\u00f6ttek ebbe az \u00e9p\u00fcletbe tanulni a mestertol. A mester ekkor a rendors\u00e9gen is oktatott a Hin Hing utc\u00e1ban, San Po Kong-ban. K\u00f6zt\u00fck volt Tan Sang, Lee Yiu-Fei, Wong Kok \u00e9s sokan m\u00e1sok.<\/p>\n<p>1965-ben az iskol\u00e1t bez\u00e1rta \u00e9s Yip Man nagymester visszak\u00f6lt\u00f6z\u00f6tt a Tong Choi utc\u00e1ba. M\u00e1r nem oktatott akt\u00edvan, de mag\u00e1n\u00f3r\u00e1kat m\u00e9g adott otthon\u00e1ban.<\/p>\n<p>Megalap\u00edtotta 1967-ben a Ving Tsun Athletic Association-t, az els\u0151 bejegyzett harcm\u0171v\u00e9szeti egyes\u00fcletet. Ut\u00e1na t\u00f6bb k\u00fcl\u00f6nb\u00f6z\u0151 helyen oktatott, a Chen Wei Hongs lak\u00e1sban a Waterloo Roadon \u00e9s a Chi Yau Roadon, \u00e9s asszisztensei voltak Jun Ching-On, Fung Hon \u00e9s m\u00e1sok. El\u0151sz\u00f6r fogadott a mester tan\u00edtv\u00e1ny\u00e1nak n\u0151t, Ng Yuet Dor-t. A Siu Fai To-n \u00e9s Yip Sing-Cheuk h\u00e1z\u00e1ban oktatott m\u00e9g \u00fcgyv\u00e9deket is. Ez volt az utols\u00f3 hely, ahol a nagymester kung fu-t oktatott.<\/p>\n<p>Az 1960-as \u00e9s &#8217;70-es \u00e9vekben Yip Man mester utols\u00f3 tan\u00edtv\u00e1nya prof. Leung Ting mester volt, o lett a Wing Tsun kung fu rendszer \u00f6r\u00f6k\u00f6se, Yip Man nagymester ut\u00f3dja. Si-jo Yip Man 1972. december 1-\u00e9n, 79 \u00e9ves kor\u00e1ban hunyt el otthon\u00e1ban, a Tong Choi utc\u00e1ban.<\/p>\n<h2>Professzor Leung Ting<\/h2>\n<p><img loading=\"lazy\" decoding=\"async\" class=\"size-full wp-image-299 alignleft\" src=\"http:\/\/budapestkungfu.hu\/wp-content\/uploads\/2018\/08\/leungting1.jpg\" alt=\"\" width=\"127\" height=\"181\" srcset=\"https:\/\/budapestkungfu.hu\/wp-content\/uploads\/2018\/08\/leungting1.jpg 127w, https:\/\/budapestkungfu.hu\/wp-content\/uploads\/2018\/08\/leungting1-100x143.jpg 100w\" sizes=\"(max-width: 127px) 100vw, 127px\" \/><br \/>\nProfesszor Leung Ting a Nemzetk\u00f6zi Wing Tsun Sz\u00f6vets\u00e9g vezet\u0151je \u00e9s az egyetlen nagymestere. A Hong Kong-i Baptista k\u00f6z\u00e9piskol\u00e1ban \u00e9retts\u00e9gizett \u00e9s k\u00ednai \u00e9s angol nyelvtanb\u00f3l szerzett diplom\u00e1t 1973-ban. Amellett hogy a Wing Tsun rendszert n\u00e9pszer\u0171s\u00edtette vil\u00e1gszerte, \u00e9s sorra v\u00edvta ki az elismer\u00e9st, 1979-ben szerezte meg a filoz\u00f3fia doktora c\u00edmet az Amerikai Egyes\u00fclt \u00c1llamokban. 1997-ben a Bolg\u00e1r Sport Akad\u00e9mia a Harcm\u0171v\u00e9szetek d\u00edszdoktor\u00e1v\u00e1 avatta.<\/p>\n<p>Professzor Leung 13 \u00e9vesen kezdte a Wing Tsun tanulm\u00e1nyait, ami m\u00e1r fiatalon is mag\u00e1val ragadta. 20 \u00e9ves volt amikor Si-Jo Yip Man (Bruce Lee mestere) elfogadta mag\u00e1ntan\u00edtv\u00e1ny\u00e1nak \u00e9s o lett a &#8220;bez\u00e1rt ajtaj\u00fa tan\u00edtv\u00e1ny&#8221;. Leun Ting mester az eg\u00e9sz \u00e9let\u00e9t a Wing Tsun Kung Fu-ra tette fel. M\u00e1ra az \u00e1ltala vezetett \u00e9s alap\u00edtott Nemzetk\u00f6zi Wing Tsun Sz\u00f6vets\u00e9g a legnagyobb Kung fu sz\u00f6vets\u00e9g a vil\u00e1gon, t\u00f6bb mint 65 orsz\u00e1gban l\u00e9tezik \u00e9s k\u00f6zel 1milli\u00f3 tan\u00edtv\u00e1nyt sz\u00e1ml\u00e1l.<\/p>\n<p><img loading=\"lazy\" decoding=\"async\" class=\"size-full wp-image-301 aligncenter\" src=\"http:\/\/budapestkungfu.hu\/wp-content\/uploads\/2018\/08\/leungting2-1.jpg\" alt=\"\" width=\"140\" height=\"225\" srcset=\"https:\/\/budapestkungfu.hu\/wp-content\/uploads\/2018\/08\/leungting2-1.jpg 140w, https:\/\/budapestkungfu.hu\/wp-content\/uploads\/2018\/08\/leungting2-1-100x161.jpg 100w\" sizes=\"(max-width: 140px) 100vw, 140px\" \/><\/p>\n<h3>WT, mint szervezet<\/h3>\n<p>A Leung Ting Wing Tsun Kung Fu rendszert vil\u00e1gszerte t\u00edzezrek gyakorolj\u00e1k, k\u00f6zt\u00fck olyanok is, akik azel\u0151tt magukat harcm\u0171v\u00e9szet oktat\u00f3nak vallott\u00e1k, de k\u00e9s\u0151bb r\u00e1j\u00f6ttek, hogy ez az amit kerestek. Vil\u00e1gszerte t\u00f6bb k\u00fcl\u00f6nleges alakulatnak is oktatj\u00e1k ezt a harci rendszert, k\u00f6zt\u00fck a rend\u0151rs\u00e9gnek, az amerikai haditenger\u00e9szet tagjainak, az FBI-nak, a SEK-nek \u00e9s a GSG9-nek N\u00e9metorsz\u00e1gban, a GIP-nek Luxembourgban, a RAID alakulatoknak Franciaorsz\u00e1gban, a NOCS-nak Olaszorsz\u00e1gban, antiterorista alakulatoknak Indi\u00e1ban \u00e9s a speci\u00e1lis rendori egys\u00e9geknek Belgiumban, Spanyolorsz\u00e1gban \u00e9s Ausztri\u00e1ban. Dr. Leung Ting az 1950-es \u00e9vek v\u00e9g\u00e9n kezdett Kung fu-t tanulni, el\u0151sz\u00f6r Leung Sheung. 1969 tel\u00e9n szervezte meg az els\u0151 nyilv\u00e1nos Kung fu bemutat\u00f3t a Yip Man mester \u00e1ltal vezetett Ving Tsun Athletics szineiben. Yip Man nagymester mellett t\u00f6bb st\u00edlus k\u00e9pvisel\u0151je is jelen volt.<br \/>\n<img loading=\"lazy\" decoding=\"async\" class=\"alignnone size-full wp-image-302 aligncenter\" src=\"http:\/\/budapestkungfu.hu\/wp-content\/uploads\/2018\/08\/leungting3.jpg\" alt=\"\" width=\"454\" height=\"336\" srcset=\"https:\/\/budapestkungfu.hu\/wp-content\/uploads\/2018\/08\/leungting3.jpg 454w, https:\/\/budapestkungfu.hu\/wp-content\/uploads\/2018\/08\/leungting3-300x222.jpg 300w, https:\/\/budapestkungfu.hu\/wp-content\/uploads\/2018\/08\/leungting3-410x303.jpg 410w, https:\/\/budapestkungfu.hu\/wp-content\/uploads\/2018\/08\/leungting3-100x74.jpg 100w, https:\/\/budapestkungfu.hu\/wp-content\/uploads\/2018\/08\/leungting3-275x204.jpg 275w\" sizes=\"(max-width: 454px) 100vw, 454px\" \/><\/p>\n<p>Si-jo Leung Ting 1967-ben kezdett Kung fu-t oktatni a Baptista Koll\u00e9giumban. Ez volt az els\u0151 oszt\u00e1ly, ami a Hong Kong-i Egyetemen m\u0171k\u00f6d\u00f6tt. A Leung Ting Gimn\u00e1zium 1970 m\u00e1jus\u00e1ban egy j\u00f3l felszerelt edz\u0151teremben kezdte meg m\u0171k\u00f6d\u00e9s\u00e9t. Tan\u00edtv\u00e1nyai \u00e9s Kung fu testv\u00e9rei seg\u00edts\u00e9g\u00e9vel Leung Ting nagymester 1973. j\u00falius 24-\u00e9n megalap\u00edtotta a Leung Ting Wing Tsun Martial Art Association-t. T\u00f6bb n\u00e9vv\u00e1ltoztat\u00e1st \u00e9lt meg az egyes\u00fclet, 1983-ban az International Wing Tsun Martial Art Association nevet kapta, \u00e9s a Wing Tsun n\u00e9v a Si-jo Leung Ting \u00e1ltal kidolgozott Wing Tsun rendszer\u00e9nek a bejegyzett v\u00e9djegye lett. A &#8217;90-es \u00e9vek v\u00e9g\u00e9re a Wing Tsun n\u00e9v az eg\u00e9sz vil\u00e1gon ismertt\u00e9 v\u00e1lt, \u00e9s a mai napig a Leung Ting Wing Tsun a legn\u00e9pszer\u0171bb k\u00ednai Kung fu st\u00edlus a vil\u00e1gon.<\/p>\n<h1>Dai-Si-Fu M\u00e1day Norbert<\/h1>\n<p><img loading=\"lazy\" decoding=\"async\" class=\"alignnone size-full wp-image-303 alignleft\" src=\"http:\/\/budapestkungfu.hu\/wp-content\/uploads\/2018\/08\/Maday-Norbert-1.jpg\" alt=\"\" width=\"240\" height=\"449\" srcset=\"https:\/\/budapestkungfu.hu\/wp-content\/uploads\/2018\/08\/Maday-Norbert-1.jpg 240w, https:\/\/budapestkungfu.hu\/wp-content\/uploads\/2018\/08\/Maday-Norbert-1-160x300.jpg 160w, https:\/\/budapestkungfu.hu\/wp-content\/uploads\/2018\/08\/Maday-Norbert-1-100x187.jpg 100w\" sizes=\"(max-width: 240px) 100vw, 240px\" \/>1970. \u00e1prilis 9-\u00e9n sz\u00fcletett Kiskunhalason. Kung-Fu taulm\u00e1nyait 1985-ben kezdte. 1990-ben megh\u00edvta Leung Ting nagymestert Magyarorsz\u00e1gra. 1994-ben megszerezte a m\u00e1sodik mesterfokozatot. Ek\u00f6zben sz\u00e1mtalan bemutat\u00f3t, szemin\u00e1riumot, vizsg\u00e1t tartott. 1999-ben mestere k\u00e9r\u00e9s\u00e9re K\u00edn\u00e1ba utazott, hogy bemutat\u00f3kat tartva n\u00e9pszer\u0171s\u00edtse a Wing Tsunt. A bemutat\u00f3kon v\u00e9grehajtott Biu-Jee form\u00e1j\u00e1nak dinamik\u00e1ja m\u00e9g a k\u00ednai mestereket is meglepte. 2002-ben Leung Ting nagymester &#8216;fi\u00e1v\u00e1 fogadta&#8217;. Ebben az \u00e9vben felk\u00e9rt\u00e9k az amerikai sz\u00f6vets\u00e9g f\u0151instruktori posztj\u00e1ra, melyet a magyar tan\u00edtv\u00e1nyok \u00e9rdek\u00e9ben nem fogadhatott el.<\/p>\n<p>Sifu 2005-ben \u00e1tvette Leung Ting Nagymestert\u0151l a 7. mesterfokozat diplom\u00e1j\u00e1t, helyettesei pedig az 5. mesterfokozatra l\u00e9ptek el\u0151. Ez a magas rang lehet\u0151v\u00e9 teszi M\u00e1day Sifunak, hogy a Mesterek Tan\u00e1cs\u00e1val a tan\u00edtv\u00e1nyokat mesterekk\u00e9 vizsg\u00e1ztassa \u00e9s \u00e1tadja a Nemzetk\u00f6zi Wing Tsun Sz\u00f6vets\u00e9g (International Wing Tsun Associaton &#8211; IWTA) diplom\u00e1j\u00e1t. 8. mesterfokozat\u00e1t 2007-ben szerezte meg.<\/p>\n","protected":false},"excerpt":{"rendered":"<p>\u00c9letrajzok Yip Man nagymester Yip Man nagymester 1893. okt\u00f3ber 14-\u00e9n sz\u00fcletett a Ching dinasztia alatt, a Kwantung tartom\u00e1nyban tal\u00e1lhat\u00f3 Fatshan v\u00e1ros\u00e1ban. Eredeti neve Gei Man; 3 testv\u00e9re volt, b\u00e1tyja Gai Gak, k\u00e9t h\u00faga Wan Mei \u00e9s Wan Hom. Hat \u00e9ves kor\u00e1t\u00f3l Chan Wan Shun-t\u00f3l (P\u00e9nzv\u00e1lt\u00f3) tanult, a legfiatalabb \u00e9s egyben utols\u00f3 tan\u00edtv\u00e1nya volt. 1905-ben elh\u00fanyt [&hellip;]<\/p>\n","protected":false},"author":1,"featured_media":0,"parent":15,"menu_order":0,"comment_status":"closed","ping_status":"closed","template":"page-templates\/page_fullwidth.php","meta":{"footnotes":""},"_links":{"self":[{"href":"https:\/\/budapestkungfu.hu\/index.php?rest_route=\/wp\/v2\/pages\/170"}],"collection":[{"href":"https:\/\/budapestkungfu.hu\/index.php?rest_route=\/wp\/v2\/pages"}],"about":[{"href":"https:\/\/budapestkungfu.hu\/index.php?rest_route=\/wp\/v2\/types\/page"}],"author":[{"embeddable":true,"href":"https:\/\/budapestkungfu.hu\/index.php?rest_route=\/wp\/v2\/users\/1"}],"replies":[{"embeddable":true,"href":"https:\/\/budapestkungfu.hu\/index.php?rest_route=%2Fwp%2Fv2%2Fcomments&post=170"}],"version-history":[{"count":4,"href":"https:\/\/budapestkungfu.hu\/index.php?rest_route=\/wp\/v2\/pages\/170\/revisions"}],"predecessor-version":[{"id":305,"href":"https:\/\/budapestkungfu.hu\/index.php?rest_route=\/wp\/v2\/pages\/170\/revisions\/305"}],"up":[{"embeddable":true,"href":"https:\/\/budapestkungfu.hu\/index.php?rest_route=\/wp\/v2\/pages\/15"}],"wp:attachment":[{"href":"https:\/\/budapestkungfu.hu\/index.php?rest_route=%2Fwp%2Fv2%2Fmedia&parent=170"}],"curies":[{"name":"wp","href":"https:\/\/api.w.org\/{rel}","templated":true}]}}