{"id":166,"date":"2018-05-23T08:48:44","date_gmt":"2018-05-23T08:48:44","guid":{"rendered":"https:\/\/budapestkungfu.hu\/tortenet"},"modified":"2018-09-03T13:09:57","modified_gmt":"2018-09-03T13:09:57","slug":"tortenet","status":"publish","type":"page","link":"https:\/\/budapestkungfu.hu\/?page_id=166","title":{"rendered":"T\u00f6rt\u00e9net"},"content":{"rendered":"<h1>A magyarorsz\u00e1gi Wing Tsun r\u00f6vid t\u00f6rt\u00e9nete<\/h1>\n<p>A magyar Wing Tsun Egyes\u00fclet Magyarorsz\u00e1g legr\u00e9gebbi \u00e9s legnagyobb kung-fu iskol\u00e1ja megalap\u00edt\u00f3ja \u00e9s vezet\u0151je SIFU M\u00e1day Norbert az els\u0151 ember volt, aki WING TSUN KUNG FU-t kezdett tan\u00edtani Magyarorsz\u00e1gon 1986-ban.<\/p>\n<p><img loading=\"lazy\" decoding=\"async\" class=\"alignnone size-full wp-image-293 alignleft\" src=\"http:\/\/budapestkungfu.hu\/wp-content\/uploads\/2018\/08\/Maday-Norbert.jpg\" alt=\"\" width=\"240\" height=\"449\" srcset=\"https:\/\/budapestkungfu.hu\/wp-content\/uploads\/2018\/08\/Maday-Norbert.jpg 240w, https:\/\/budapestkungfu.hu\/wp-content\/uploads\/2018\/08\/Maday-Norbert-160x300.jpg 160w, https:\/\/budapestkungfu.hu\/wp-content\/uploads\/2018\/08\/Maday-Norbert-100x187.jpg 100w\" sizes=\"(max-width: 240px) 100vw, 240px\" \/>Minden k\u00e9s\u0151bbi szem\u00e9ly, aki ma Magyarorsz\u00e1gon (Ving Tsun, Wing Csum, Wing Tzun, Wing Chun, stb.) m\u00e1s \u00edr\u00e1sm\u00f3dot haszn\u00e1l, az o iskol\u00e1j\u00e1ban tanult hosszabb-r\u00f6videbb ideig, \u00e9s \u00f6nn\u00f6n &#8220;nagys\u00e1g\u00e1t&#8221; felismerve alap\u00edtott saj\u00e1t VT &#8220;vil\u00e1gsz\u00f6vets\u00e9geket&#8221; (melyek tagl\u00e9tsz\u00e1ma gyakran m\u00e9g a 20 f\u0151t sem \u00e9rik el.) Iskol\u00e1j\u00e1ban j\u00f3 n\u00e9h\u00e1ny fekete\u00f6ves karate mester is tanul WING TSUN KUNG FU-t, mely a magas szakmai sz\u00ednvonalat jellemzi. M\u00e1day SIFU 1991 \u00f3ta Leung Ting nagymester szem\u00e9lyes tan\u00edtv\u00e1nya, az egyetlen nem k\u00ednaik\u00e9nt, a WING TSUN titkainak \u0151rz\u0151je.<\/p>\n<p>Aktivit\u00e1s\u00e1t sz\u00e1mtalan edz\u0151t\u00e1bor, szemin\u00e1rium \u00e9s vizsga vezet\u00e9se f\u00e9mjelzi. 2001-ben Leung Ting nagymester felk\u00e9rte az amerikai Wing Tsun iskol\u00e1k f\u0151instruktori posztj\u00e1ra.<\/p>\n<p>A Magyar Wing Tsun Egyes\u00fclet a t\u00f6bbi 62 orsz\u00e1ggal egy\u00fctt az International Wing Tsun Association hivatalos tagja.<\/p>\n<p>Prof. Leung Ting, A Wing Tsun kung-fu nagymestere 1991 \u00f3ta \u00e9vente egyszer, 1998-ban \u00e9s 2000-ben k\u00e9tszer is ell\u00e1togatott haz\u00e1nkba, hogy tan\u00edtsa \u00e9s mesterfokozatra vizsg\u00e1ztassa az arra \u00e9rdemes tan\u00edtv\u00e1nyokat. Szem\u00e9lyes jelenl\u00e9te rendk\u00edv\u00fcl fontos mind az oktat\u00f3k, mind a di\u00e1kok sz\u00e1m\u00e1ra, hiszen \u00edgy bizonyosodhatnak meg t\u00f6bbek k\u00f6z\u00f6tt arr\u00f3l, hogy:<\/p>\n<p>Igazi, \u00e9s \u0151si k\u00ednai harcm\u0171v\u00e9szetet tanulnak;<br \/>\nA diplom\u00e1t, amelyet tud\u00e1sukr\u00f3l kapnak, a vil\u00e1gon minden hivatalos szerv elismeri;<br \/>\nUgyanazokat az eredeti technik\u00e1kat tanulj\u00e1k, melyeket a keleti tanul\u00f3t\u00e1rsaik.<br \/>\nAz egyes\u00fclet eln\u00f6ke Dai Sifu M\u00e1day Norbert kelet-eur\u00f3pai f\u0151instruktor. O Leung Ting nagymester szem\u00e9lyes tan\u00edtv\u00e1nya (a nagymester fogadott fia); ir\u00e1ny\u00edt\u00e1sa al\u00e1 tartozik Lengyelorsz\u00e1g, Rom\u00e1nia, Ukrajna, Oroszorsz\u00e1g \u00e9s Litv\u00e1nia is. Az \u00e1zsiai orsz\u00e1gokon k\u00edv\u0171l egyed\u00fcl a Kelet-Eur\u00f3pai Sz\u00f6vets\u00e9g tartozik k\u00f6zvetlen\u00fcl a nagymesterhez, a t\u00f6bbi orsz\u00e1gnak a n\u00e9met f\u0151instruktor al\u00e1 kell csatlakoznia.<\/p>\n<p>A kelet-eur\u00f3pai orsz\u00e1gok k\u00f6zponti sz\u00e9khelye a kecskem\u00e9ti kolostor. Ebben a 100 nm-es tradicion\u00e1lisan berendezett kung-fu szent\u00e9lyben t\u00f6rt\u00e9nik az oktat\u00f3k tov\u00e1bbk\u00e9pz\u00e9se, illetve a kolostor hatalmas udvara ad otthont a tanul\u00f3k ny\u00e1ri t\u00e1borainak is.<\/p>\n<p>A Magyar Wing Tsun Egyes\u00fclethez csak Magyarorsz\u00e1gon majdnem sz\u00e1z iskola tartozik. Ebb\u0151l t\u00edz Budapesten m\u0171k\u00f6dik k\u00fcl\u00f6nb\u00f6z\u0151 ker\u00fcletekben.<\/p>\n<h2>A milleniumi \u00e9v szerencs\u00e9t hozott az egyes\u00fclet\u00fcnknek:<\/h2>\n<p>A nagymester megh\u00edv\u00e1s\u00e1ra Dai Sifu M\u00e1day Norbert t\u00edz oktat\u00f3ja k\u00eds\u00e9ret\u00e9ben bemutat\u00f3t tartott K\u00edn\u00e1ban. Az \u00fatjukr\u00f3l a 2000 janu\u00e1rj\u00e1ban elk\u00e9sz\u00fclt teljesen sz\u00ednes kiad\u00e1s\u00fa magazin sz\u00e1molt be. Sifu \u00e9s di\u00e1kjai felk\u00e9sz\u00fclts\u00e9ge m\u00e9g a k\u00ednai szakembereket is meglepte.<br \/>\nA nagymestert k\u00e9tszer is vend\u00e9g\u00fcl l\u00e1thattuk haz\u00e1nkban. Szemin\u00e1riumon oktatta a di\u00e1kokat, illetve mesterfokra vizsg\u00e1ztatott huszon\u00f6t tanul\u00f3t.<br \/>\nDai Sifu M\u00e1day Norbert el\u00e9rte az 5. mesterfokozatot, kett\u0151 legr\u00e9gebbi \u00e9s legh\u0171s\u00e9gesebb tan\u00edtv\u00e1nya: Szab\u00f3 Ferenc, Sz\u00e9ll G\u00e1bor pedig a 3. mesterfokozatnak \u00f6r\u00fclhettek.<br \/>\nSiker\u00fclt Budapesten is l\u00e9trehozni egy 142 nm-es teljesen felszerelt belv\u00e1rosi Wing Tsun kung-fu k\u00f6zpontot, melyet minden di\u00e1k egyar\u00e1nt haszn\u00e1lhat. Sifu minden h\u00e9ten szem\u00e9lyesen oktatja a f\u0151v\u00e1ros halad\u00f3 tan\u00edtv\u00e1nyait.<br \/>\nT\u00edz \u00e9v alatt t\u00edz magyar nyelv\u0171 (b\u00e1tran mondhatjuk) tank\u00f6nyvvel \u00e9s sz\u00e1mos magazinnal gazdagodott az egyes\u00fclet, melyek a tanul\u00f3k fejl\u0151d\u00e9s\u00e9t seg\u00edtik el\u0151.<\/p>\n<h2>A magyar Wing Tsun egyes\u00fclet c\u00e9lja a j\u00f6v\u0151ben is ugyanaz:<\/h2>\n<p>mindenkinek lehet\u0151s\u00e9get adjon egy eredeti, \u0151si k\u00ednai harcm\u0171v\u00e9szet gyakorl\u00e1s\u00e1ra;<br \/>\nfejlessze a tanul\u00f3kat: fizikailag: \u00e1ll\u00f3k\u00e9pess\u00e9g, kitart\u00e1s, t\u0171r\u0151k\u00e9pess\u00e9g \u00e9s mozg\u00e1skoordin\u00e1ci\u00f3 fejleszt\u00e9se;<br \/>\nszellemileg: a technik\u00e1k anat\u00f3miai, fizikai \u00e9s matematikai magyar\u00e1zata, ok-okozati \u00f6sszef\u00fcgg\u00e9se; keleti kult\u00fara \u00e9s nyelv megismer\u00e9se; lelki egyens\u00faly vissza\u00e1ll\u00edt\u00e1sa; mem\u00f3ria fejleszt\u00e9se stb.;<br \/>\nerk\u00f6lcsileg: \u00f6nfegyelemre, egym\u00e1s ir\u00e1nti t\u00fcrelemre \u00e9s seg\u00edt\u00e9sre, illetve tisztelet az id\u0151sebbek \u00e9s tapasztaltabbak ir\u00e1nti nevel\u00e9s;<br \/>\nk\u00f6z\u00f6ss\u00e9ge r\u00e9v\u00e9n otthont \u00e9s &#8220;csal\u00e1dot&#8221; adjon annak, akinek sz\u00fcks\u00e9ge van r\u00e1;<br \/>\nhelyes utat mutasson a fiatalabb gener\u00e1ci\u00f3nak szabadideje \u00e9rtelmes elt\u00f6lt\u00e9s\u00e9re.<\/p>\n","protected":false},"excerpt":{"rendered":"<p>A magyarorsz\u00e1gi Wing Tsun r\u00f6vid t\u00f6rt\u00e9nete A magyar Wing Tsun Egyes\u00fclet Magyarorsz\u00e1g legr\u00e9gebbi \u00e9s legnagyobb kung-fu iskol\u00e1ja megalap\u00edt\u00f3ja \u00e9s vezet\u0151je SIFU M\u00e1day Norbert az els\u0151 ember volt, aki WING TSUN KUNG FU-t kezdett tan\u00edtani Magyarorsz\u00e1gon 1986-ban. Minden k\u00e9s\u0151bbi szem\u00e9ly, aki ma Magyarorsz\u00e1gon (Ving Tsun, Wing Csum, Wing Tzun, Wing Chun, stb.) m\u00e1s \u00edr\u00e1sm\u00f3dot haszn\u00e1l, az [&hellip;]<\/p>\n","protected":false},"author":1,"featured_media":0,"parent":15,"menu_order":0,"comment_status":"closed","ping_status":"closed","template":"page-templates\/page_fullwidth.php","meta":{"footnotes":""},"_links":{"self":[{"href":"https:\/\/budapestkungfu.hu\/index.php?rest_route=\/wp\/v2\/pages\/166"}],"collection":[{"href":"https:\/\/budapestkungfu.hu\/index.php?rest_route=\/wp\/v2\/pages"}],"about":[{"href":"https:\/\/budapestkungfu.hu\/index.php?rest_route=\/wp\/v2\/types\/page"}],"author":[{"embeddable":true,"href":"https:\/\/budapestkungfu.hu\/index.php?rest_route=\/wp\/v2\/users\/1"}],"replies":[{"embeddable":true,"href":"https:\/\/budapestkungfu.hu\/index.php?rest_route=%2Fwp%2Fv2%2Fcomments&post=166"}],"version-history":[{"count":5,"href":"https:\/\/budapestkungfu.hu\/index.php?rest_route=\/wp\/v2\/pages\/166\/revisions"}],"predecessor-version":[{"id":344,"href":"https:\/\/budapestkungfu.hu\/index.php?rest_route=\/wp\/v2\/pages\/166\/revisions\/344"}],"up":[{"embeddable":true,"href":"https:\/\/budapestkungfu.hu\/index.php?rest_route=\/wp\/v2\/pages\/15"}],"wp:attachment":[{"href":"https:\/\/budapestkungfu.hu\/index.php?rest_route=%2Fwp%2Fv2%2Fmedia&parent=166"}],"curies":[{"name":"wp","href":"https:\/\/api.w.org\/{rel}","templated":true}]}}