{"id":16,"date":"2018-01-26T12:20:40","date_gmt":"2018-01-26T12:20:40","guid":{"rendered":"https:\/\/budapestkungfu.hu\/edzesek"},"modified":"2022-09-12T12:15:28","modified_gmt":"2022-09-12T12:15:28","slug":"edzesek","status":"publish","type":"page","link":"https:\/\/budapestkungfu.hu\/?page_id=16","title":{"rendered":"Edz\u00e9sek \/ \u00c1r"},"content":{"rendered":"<p>Kapcsolattart\u00f3<br \/>\nSi-Hing Sapszon P\u00e9ter<br \/>\nIII. mesterfokozat\u00fa oktat\u00f3<\/p>\n<p>telefon: (70) 680-8257<br \/>\nemail: sapszonpeter@gmail.com<\/p>\n<p>Havi d\u00edj: 17 000 ft.<\/p>\n<p>Edz\u00e9sek<br \/>\nKedd: 18.30-20.00<br \/>\nCs\u00fct\u00f6rt\u00f6k: 18.30-20.00<br \/>\nCs\u00edk Ferenc \u00c1ltal\u00e1nos Iskola \u00e9s Gimn\u00e1zium<br \/>\nBudapest, II. ker\u00fclet, Medve u. 5-7.<\/p>\n<p><iframe loading=\"lazy\" style=\"border: 0;\" src=\"https:\/\/www.google.com\/maps\/embed?pb=!1m18!1m12!1m3!1d2695.019072654992!2d19.033511915906065!3d47.50901977917835!2m3!1f0!2f0!3f0!3m2!1i1024!2i768!4f13.1!3m3!1m2!1s0x0%3A0xdac38a057a5e5a68!2zQ3NpayBGZXJlbmMgw4FsdGFsw6Fub3MgSXNrb2xhIMOpcyBHaW1uw6F6aXVt!5e0!3m2!1sen!2shu!4v1517305505443\" width=\"100%\" height=\"350px\" frameborder=\"0\" allowfullscreen=\"allowfullscreen\"><\/iframe><\/p>\n","protected":false},"excerpt":{"rendered":"<p>Kapcsolattart\u00f3 Si-Hing Sapszon P\u00e9ter III. mesterfokozat\u00fa oktat\u00f3 telefon: (70) 680-8257 email: sapszonpeter@gmail.com Havi d\u00edj: 17 000 ft. Edz\u00e9sek Kedd: 18.30-20.00 Cs\u00fct\u00f6rt\u00f6k: 18.30-20.00 Cs\u00edk Ferenc \u00c1ltal\u00e1nos Iskola \u00e9s Gimn\u00e1zium Budapest, II. ker\u00fclet, Medve u. 5-7.<\/p>\n","protected":false},"author":1,"featured_media":0,"parent":0,"menu_order":0,"comment_status":"closed","ping_status":"closed","template":"page-templates\/page_fullwidth.php","meta":{"footnotes":""},"_links":{"self":[{"href":"https:\/\/budapestkungfu.hu\/index.php?rest_route=\/wp\/v2\/pages\/16"}],"collection":[{"href":"https:\/\/budapestkungfu.hu\/index.php?rest_route=\/wp\/v2\/pages"}],"about":[{"href":"https:\/\/budapestkungfu.hu\/index.php?rest_route=\/wp\/v2\/types\/page"}],"author":[{"embeddable":true,"href":"https:\/\/budapestkungfu.hu\/index.php?rest_route=\/wp\/v2\/users\/1"}],"replies":[{"embeddable":true,"href":"https:\/\/budapestkungfu.hu\/index.php?rest_route=%2Fwp%2Fv2%2Fcomments&post=16"}],"version-history":[{"count":10,"href":"https:\/\/budapestkungfu.hu\/index.php?rest_route=\/wp\/v2\/pages\/16\/revisions"}],"predecessor-version":[{"id":405,"href":"https:\/\/budapestkungfu.hu\/index.php?rest_route=\/wp\/v2\/pages\/16\/revisions\/405"}],"wp:attachment":[{"href":"https:\/\/budapestkungfu.hu\/index.php?rest_route=%2Fwp%2Fv2%2Fmedia&parent=16"}],"curies":[{"name":"wp","href":"https:\/\/api.w.org\/{rel}","templated":true}]}}